{"id":8050,"date":"2025-03-27T18:45:57","date_gmt":"2025-03-27T18:45:57","guid":{"rendered":"https:\/\/rebelbarbers.com\/?page_id=8050"},"modified":"2025-03-27T19:21:01","modified_gmt":"2025-03-27T19:21:01","slug":"intercambio-idiomas","status":"publish","type":"page","link":"https:\/\/rebelbarbers.com\/es\/intercambio-idiomas\/","title":{"rendered":"Intercambio de Idiomas"},"content":{"rendered":"<div class=\"gb-container gb-container-142c5d0d\"><div class=\"gb-inside-container\">\n\n<h1 class=\"gb-headline gb-headline-2e588381 gb-headline-text pespecial\"><strong><br>Intercambio de Idiomas<\/strong><\/h1>\n\n\n\n<hr class=\"wp-block-separator has-text-color has-css-opacity has-background separatorline\" style=\"background-color:#ffe4a8;color:#ffe4a8\"\/>\n\n\n<div class=\"gb-container gb-container-e5e0098c\">\n\n<div class=\"wp-block-columns is-layout-flex wp-container-core-columns-is-layout-9d6595d7 wp-block-columns-is-layout-flex\">\n<div class=\"wp-block-column is-vertically-aligned-center is-layout-flow wp-block-column-is-layout-flow\"><div class=\"wp-block-image\">\n<figure class=\"aligncenter size-full\"><img fetchpriority=\"high\" decoding=\"async\" width=\"652\" height=\"481\" src=\"https:\/\/rebelbarbers.com\/wp-content\/uploads\/2025\/03\/Recurso-4-1.png\" alt=\"Recurso 4 1\" class=\"wp-image-8053\" style=\"object-fit:cover\" srcset=\"https:\/\/rebelbarbers.com\/wp-content\/uploads\/2025\/03\/Recurso-4-1.png 652w, https:\/\/rebelbarbers.com\/wp-content\/uploads\/2025\/03\/Recurso-4-1-300x221.png 300w\" sizes=\"(max-width: 652px) 100vw, 652px\" \/><\/figure>\n<\/div><\/div>\n\n\n\n<div class=\"wp-block-column is-layout-flow wp-block-column-is-layout-flow\">\n<p class=\"has-text-align-center has-base-3-background-color has-background has-x-large-font-size\" style=\"font-style:normal;font-weight:700\">\u00a1Con\u00e9ctate, Aprende y Crece!<\/p>\n\n\n\n<p>\u00a1Imagina practicar un nuevo idioma en un ambiente divertido, relajado y en situaciones reales!<\/p>\n\n\n\n<p class=\"has-text-align-center\">Nuestros eventos de intercambio de idiomas re\u00fanen a clientes de diferentes lugares para hablar, aprender y conectar mientras mejoran sus habilidades ling\u00fc\u00edsticas. Ya seas principiante o tengas fluidez, esta es tu oportunidad para practicar de forma natural, hacer nuevos amigos y ganar confianza en un entorno acogedor.<\/p>\n<\/div>\n<\/div>\n\n<\/div>\n\n<div class=\"gb-container gb-container-2524388b\">\n\n<h2 class=\"wp-block-heading has-text-align-center pespecial has-large-font-size\" id=\"membership\">Organizamos eventos el primer s\u00e1bado de cada mes<\/h2>\n\n\n\n<p class=\"has-text-align-center has-x-large-font-size\" style=\"letter-spacing:11px\">en <strong>REBEL BARBER SHOP<\/strong>.<\/p>\n\n<\/div>\n\n\n<style>\n  .icon-card img {\n    transition: transform 0.3s ease;\n  }\n\n  .icon-card:hover img {\n    transform: scale(1.15);\n  }\n<\/style>\n\n<div style=\"display: flex; flex-wrap: wrap; justify-content: center; gap: 20px; padding: 40px 0;\">\n  <div class=\"icon-card\" style=\"background-color: #000; color: white; border-radius: 12px; padding: 25px 15px; width: 180px; text-align: center;\">\n    <img decoding=\"async\" src=\"https:\/\/rebelbarbers.com\/wp-content\/uploads\/2025\/03\/1.png\" alt=\"c\u00f3ctel\" style=\"width: 50px; margin-bottom: 15px;\">\n    <p style=\"margin: 0;\">Disfruta de nuestros<br>deliciosos c\u00f3cteles<\/p>\n  <\/div>\n\n  <div class=\"icon-card\" style=\"background-color: #000; color: white; border-radius: 12px; padding: 25px 15px; width: 180px; text-align: center;\">\n    <img decoding=\"async\" src=\"https:\/\/rebelbarbers.com\/wp-content\/uploads\/2025\/03\/2.png\" alt=\"personas\" style=\"width: 50px; margin-bottom: 15px;\">\n    <p style=\"margin: 0;\">Conoce personas de<br>todo el mundo<\/p>\n  <\/div>\n\n  <div class=\"icon-card\" style=\"background-color: #000; color: white; border-radius: 12px; padding: 25px 15px; width: 180px; text-align: center;\">\n    <img decoding=\"async\" src=\"https:\/\/rebelbarbers.com\/wp-content\/uploads\/2025\/03\/3.png\" alt=\"karaoke\" style=\"width: 50px; margin-bottom: 15px;\">\n    <p style=\"margin: 0;\">Juegos y karaoke,<br>una forma divertida<br>de aprender<\/p>\n  <\/div>\n\n  <div class=\"icon-card\" style=\"background-color: #000; color: white; border-radius: 12px; padding: 25px 15px; width: 180px; text-align: center;\">\n    <img decoding=\"async\" src=\"https:\/\/rebelbarbers.com\/wp-content\/uploads\/2025\/03\/4.png\" alt=\"pr\u00e1ctica\" style=\"width: 50px; margin-bottom: 15px;\">\n    <p style=\"margin: 0;\">Sin presi\u00f3n, solo<br>pr\u00e1ctica. Un espacio<br>seguro para equivocarse<br>y aprender<\/p>\n  <\/div>\n\n  <div class=\"icon-card\" style=\"background-color: #000; color: white; border-radius: 12px; padding: 25px 15px; width: 180px; text-align: center;\">\n    <img decoding=\"async\" src=\"https:\/\/rebelbarbers.com\/wp-content\/uploads\/2025\/03\/5.png\" alt=\"niveles\" style=\"width: 50px; margin-bottom: 15px;\">\n    <p style=\"margin: 0;\">Todos los niveles<br>son bienvenidos,<br>\u00a1hay un lugar para ti!<\/p>\n  <\/div>\n<\/div>\n\n\n\n<div style=\"display: flex; flex-wrap: wrap; justify-content: center; align-items: center; gap: 20px; padding: 40px 0;\">\n  <div style=\"flex: 1; min-width: 250px; text-align: center;\">\n    <a href=\"tel:+576045906071\" style=\"\n      display: inline-block;\n      background-color: #000;\n      color: #fff;\n      padding: 16px 48px;\n      border-radius: 8px;\n      text-decoration: none;\n      font-weight: bold;\n      font-size: 16px;\n      max-width: 100%;\n      width: 250px;\n      transition: background-color 0.3s ease, transform 0.3s ease;\n    \" onmouseover=\"this.style.backgroundColor='#333'; this.style.transform='scale(1.03)'\" onmouseout=\"this.style.backgroundColor='#000'; this.style.transform='scale(1)'\">\n      \u00a1Ll\u00e1manos ya!\n    <\/a>\n  <\/div>\n\n  <div style=\"flex: 1; min-width: 250px; display: flex; justify-content: center;\">\n    <img decoding=\"async\" src=\"https:\/\/rebelbarbers.com\/wp-content\/uploads\/2025\/03\/locales_idiomas-1.png\" alt=\"Rebel Barber Community\" style=\"max-width: 70%; border-radius: 12px;\">\n  <\/div>\n<\/div>\n\n\n\n<hr class=\"wp-block-separator has-text-color has-css-opacity has-background separatorline is-style-wide\" style=\"background-color:#ffe4a8;color:#ffe4a8\"\/>\n\n\n<div class=\"gb-container gb-container-7470e380\"><div class=\"gb-inside-container\">\n\n<h2 class=\"gb-headline gb-headline-53c99622 gb-headline-text\">Pregunta por nuestras Membres\u00edas<\/h2>\n\n\n<div class=\"gb-grid-wrapper gb-grid-wrapper-09af3fb5\">\n<div class=\"gb-grid-column gb-grid-column-2536c753\"><div class=\"gb-container gb-container-2536c753\"><div class=\"gb-inside-container\">\n\n<hr class=\"wp-block-separator has-text-color has-black-color has-css-opacity has-black-background-color has-background is-style-wide separatorline\"\/>\n\n<\/div><\/div><\/div>\n<\/div>\n\n\n<p class=\"has-text-align-center pespecial\">Ll\u00e1manos para conocer nuestros paquetes de membres\u00eda de varios niveles que ofrecen beneficios y servicios exclusivos.<\/p>\n\n\n<div class=\"gb-grid-wrapper gb-grid-wrapper-51e92ef4\">\n<div class=\"gb-grid-column gb-grid-column-b9d08bd9\"><div class=\"gb-container gb-container-b9d08bd9\"><div class=\"gb-inside-container\">\n\n<ul class=\"wp-block-list\">\n<li>Cortes de Cabello Ilimitados<\/li>\n\n\n\n<li>Afeitadas Ilimitadas<\/li>\n\n\n\n<li>Masajes Capilares Ilimitados<\/li>\n\n\n\n<li>Reservas Prioritarias<\/li>\n<\/ul>\n\n<\/div><\/div><\/div>\n\n<div class=\"gb-grid-column gb-grid-column-96ac696a\"><div class=\"gb-container gb-container-96ac696a cuadrogradiente\"><div class=\"gb-inside-container\">\n<div class=\"gb-button-wrapper gb-button-wrapper-82b6c920\">\n\n<a class=\"gb-button gb-button-57966685\" href=\"tel:+573112344712\" target=\"_blank\" rel=\"noopener noreferrer\"><span class=\"gb-icon\"><svg xmlns=\"http:\/\/www.w3.org\/2000\/svg\" viewBox=\"0 0 512 512\" width=\"1em\" height=\"1em\" aria-hidden=\"true\"><path d=\"M493.4 24.6l-104-24c-11.3-2.6-22.9 3.3-27.5 13.9l-48 112c-4.2 9.8-1.4 21.3 6.9 28l60.6 49.6c-36 76.7-98.9 140.5-177.2 177.2l-49.6-60.6c-6.8-8.3-18.2-11.1-28-6.9l-112 48C3.9 366.5-2 378.1.6 389.4l24 104C27.1 504.2 36.7 512 48 512c256.1 0 464-207.5 464-464 0-11.2-7.7-20.9-18.6-23.4z\" fill=\"currentColor\"><\/path><\/svg><\/span><span class=\"gb-button-text\">(+57) 311 234-4712<\/span><\/a>\n\n<\/div>\n\n<div class=\"gb-button-wrapper gb-button-wrapper-23a958e9\">\n\n<a class=\"gb-button gb-button-c51216bc gb-button-text\" href=\"https:\/\/es.fresha.com\/a\/rebel-barbers-medellin-carrera-36-10-36-ye59m0x1\/booking\">UNETE AHORA<\/a>\n\n<\/div>\n<\/div><\/div><\/div>\n<\/div>\n<\/div><\/div>\n\n<div class=\"gb-container gb-container-ce958317 no-marging\"><div class=\"gb-inside-container\">\n<div class=\"wp-block-image\">\n<figure class=\"aligncenter size-full is-resized\"><img decoding=\"async\" width=\"895\" height=\"895\" src=\"https:\/\/rebelbarbers.com\/wp-content\/uploads\/2021\/07\/BARBER-CHAIR-1.png\" alt=\"REBEL BARBER CHAIR\" class=\"wp-image-5095\" style=\"width:895px;height:895px\" srcset=\"https:\/\/rebelbarbers.com\/wp-content\/uploads\/2021\/07\/BARBER-CHAIR-1.png 895w, https:\/\/rebelbarbers.com\/wp-content\/uploads\/2021\/07\/BARBER-CHAIR-1-300x300.png 300w, https:\/\/rebelbarbers.com\/wp-content\/uploads\/2021\/07\/BARBER-CHAIR-1-150x150.png 150w, https:\/\/rebelbarbers.com\/wp-content\/uploads\/2021\/07\/BARBER-CHAIR-1-768x768.png 768w\" sizes=\"(max-width: 895px) 100vw, 895px\" \/><\/figure>\n<\/div>\n<\/div><\/div>\n<\/div><\/div>\n\n\n<p><\/p>\n","protected":false},"excerpt":{"rendered":"<p>Intercambio de Idiomas \u00a1Con\u00e9ctate, Aprende y Crece! \u00a1Imagina practicar un nuevo idioma en un ambiente divertido, relajado y en situaciones reales! Nuestros eventos de intercambio de idiomas re\u00fanen a clientes de diferentes lugares para hablar, aprender y conectar mientras mejoran sus habilidades ling\u00fc\u00edsticas. Ya seas principiante o tengas fluidez, esta es tu oportunidad para practicar &#8230; <a title=\"Intercambio de Idiomas\" class=\"read-more\" href=\"https:\/\/rebelbarbers.com\/es\/intercambio-idiomas\/\" aria-label=\"Leer m\u00e1s sobre Intercambio de Idiomas\">Leer m\u00e1s<\/a><\/p>\n","protected":false},"author":15,"featured_media":0,"parent":0,"menu_order":0,"comment_status":"closed","ping_status":"closed","template":"","meta":{"footnotes":""},"class_list":["post-8050","page","type-page","status-publish"],"yoast_head":"<!-- This site is optimized with the Yoast SEO plugin v27.3 - https:\/\/yoast.com\/product\/yoast-seo-wordpress\/ -->\n<title>Intercambio de idiomas<\/title>\n<meta name=\"description\" content=\"Ven a nuestro Intercambio de Idiomas en Rebel Barber: eventos mensuales, practica tu idiomas y disfruta c\u00f3cteles en un ambiente y divertido.\" \/>\n<meta name=\"robots\" content=\"index, follow, max-snippet:-1, max-image-preview:large, max-video-preview:-1\" \/>\n<link rel=\"canonical\" href=\"https:\/\/rebelbarbers.com\/es\/intercambio-idiomas\/\" \/>\n<meta property=\"og:locale\" content=\"es_ES\" \/>\n<meta property=\"og:type\" content=\"article\" \/>\n<meta property=\"og:title\" content=\"Intercambio de idiomas\" \/>\n<meta property=\"og:description\" content=\"Ven a nuestro Intercambio de Idiomas en Rebel Barber: eventos mensuales, practica tu idiomas y disfruta c\u00f3cteles en un ambiente y divertido.\" \/>\n<meta property=\"og:url\" content=\"https:\/\/rebelbarbers.com\/es\/intercambio-idiomas\/\" \/>\n<meta property=\"og:site_name\" content=\"Rebel Barbers &amp; Massage\" \/>\n<meta property=\"article:modified_time\" content=\"2025-03-27T19:21:01+00:00\" \/>\n<meta property=\"og:image\" content=\"https:\/\/rebelbarbers.com\/wp-content\/uploads\/2025\/03\/Recurso-4-1.png\" \/>\n<meta name=\"twitter:card\" content=\"summary_large_image\" \/>\n<meta name=\"twitter:label1\" content=\"Tiempo de lectura\" \/>\n\t<meta name=\"twitter:data1\" content=\"3 minutos\" \/>\n<script type=\"application\/ld+json\" class=\"yoast-schema-graph\">{\"@context\":\"https:\\\/\\\/schema.org\",\"@graph\":[{\"@type\":\"WebPage\",\"@id\":\"https:\\\/\\\/rebelbarbers.com\\\/es\\\/intercambio-idiomas\\\/\",\"url\":\"https:\\\/\\\/rebelbarbers.com\\\/es\\\/intercambio-idiomas\\\/\",\"name\":\"Intercambio de idiomas\",\"isPartOf\":{\"@id\":\"https:\\\/\\\/rebelbarbers.com\\\/es\\\/#website\"},\"primaryImageOfPage\":{\"@id\":\"https:\\\/\\\/rebelbarbers.com\\\/es\\\/intercambio-idiomas\\\/#primaryimage\"},\"image\":{\"@id\":\"https:\\\/\\\/rebelbarbers.com\\\/es\\\/intercambio-idiomas\\\/#primaryimage\"},\"thumbnailUrl\":\"https:\\\/\\\/rebelbarbers.com\\\/wp-content\\\/uploads\\\/2025\\\/03\\\/Recurso-4-1.png\",\"datePublished\":\"2025-03-27T18:45:57+00:00\",\"dateModified\":\"2025-03-27T19:21:01+00:00\",\"description\":\"Ven a nuestro Intercambio de Idiomas en Rebel Barber: eventos mensuales, practica tu idiomas y disfruta c\u00f3cteles en un ambiente y divertido.\",\"breadcrumb\":{\"@id\":\"https:\\\/\\\/rebelbarbers.com\\\/es\\\/intercambio-idiomas\\\/#breadcrumb\"},\"inLanguage\":\"es\",\"potentialAction\":[{\"@type\":\"ReadAction\",\"target\":[\"https:\\\/\\\/rebelbarbers.com\\\/es\\\/intercambio-idiomas\\\/\"]}]},{\"@type\":\"ImageObject\",\"inLanguage\":\"es\",\"@id\":\"https:\\\/\\\/rebelbarbers.com\\\/es\\\/intercambio-idiomas\\\/#primaryimage\",\"url\":\"https:\\\/\\\/rebelbarbers.com\\\/wp-content\\\/uploads\\\/2025\\\/03\\\/Recurso-4-1.png\",\"contentUrl\":\"https:\\\/\\\/rebelbarbers.com\\\/wp-content\\\/uploads\\\/2025\\\/03\\\/Recurso-4-1.png\"},{\"@type\":\"BreadcrumbList\",\"@id\":\"https:\\\/\\\/rebelbarbers.com\\\/es\\\/intercambio-idiomas\\\/#breadcrumb\",\"itemListElement\":[{\"@type\":\"ListItem\",\"position\":1,\"name\":\"Home\",\"item\":\"https:\\\/\\\/rebelbarbers.com\\\/es\\\/\"},{\"@type\":\"ListItem\",\"position\":2,\"name\":\"Intercambio de Idiomas\"}]},{\"@type\":\"WebSite\",\"@id\":\"https:\\\/\\\/rebelbarbers.com\\\/es\\\/#website\",\"url\":\"https:\\\/\\\/rebelbarbers.com\\\/es\\\/\",\"name\":\"Rebel Barbers &amp; Massage\",\"description\":\"The essential barber shop for today&#039;s men\",\"publisher\":{\"@id\":\"https:\\\/\\\/rebelbarbers.com\\\/es\\\/#organization\"},\"potentialAction\":[{\"@type\":\"SearchAction\",\"target\":{\"@type\":\"EntryPoint\",\"urlTemplate\":\"https:\\\/\\\/rebelbarbers.com\\\/es\\\/?s={search_term_string}\"},\"query-input\":{\"@type\":\"PropertyValueSpecification\",\"valueRequired\":true,\"valueName\":\"search_term_string\"}}],\"inLanguage\":\"es\"},{\"@type\":\"Organization\",\"@id\":\"https:\\\/\\\/rebelbarbers.com\\\/es\\\/#organization\",\"name\":\"Rebel Barbers &amp; Massage\",\"url\":\"https:\\\/\\\/rebelbarbers.com\\\/es\\\/\",\"logo\":{\"@type\":\"ImageObject\",\"inLanguage\":\"es\",\"@id\":\"https:\\\/\\\/rebelbarbers.com\\\/es\\\/#\\\/schema\\\/logo\\\/image\\\/\",\"url\":\"https:\\\/\\\/rebelbarbers.com\\\/wp-content\\\/uploads\\\/2021\\\/09\\\/cropped-Rebel-Barbers-Logos_Mesa-de-trabajo-1-copia-3-1.png\",\"contentUrl\":\"https:\\\/\\\/rebelbarbers.com\\\/wp-content\\\/uploads\\\/2021\\\/09\\\/cropped-Rebel-Barbers-Logos_Mesa-de-trabajo-1-copia-3-1.png\",\"width\":1277,\"height\":465,\"caption\":\"Rebel Barbers &amp; Massage\"},\"image\":{\"@id\":\"https:\\\/\\\/rebelbarbers.com\\\/es\\\/#\\\/schema\\\/logo\\\/image\\\/\"}}]}<\/script>\n<!-- \/ Yoast SEO plugin. -->","yoast_head_json":{"title":"Intercambio de idiomas","description":"Ven a nuestro Intercambio de Idiomas en Rebel Barber: eventos mensuales, practica tu idiomas y disfruta c\u00f3cteles en un ambiente y divertido.","robots":{"index":"index","follow":"follow","max-snippet":"max-snippet:-1","max-image-preview":"max-image-preview:large","max-video-preview":"max-video-preview:-1"},"canonical":"https:\/\/rebelbarbers.com\/es\/intercambio-idiomas\/","og_locale":"es_ES","og_type":"article","og_title":"Intercambio de idiomas","og_description":"Ven a nuestro Intercambio de Idiomas en Rebel Barber: eventos mensuales, practica tu idiomas y disfruta c\u00f3cteles en un ambiente y divertido.","og_url":"https:\/\/rebelbarbers.com\/es\/intercambio-idiomas\/","og_site_name":"Rebel Barbers &amp; Massage","article_modified_time":"2025-03-27T19:21:01+00:00","og_image":[{"url":"https:\/\/rebelbarbers.com\/wp-content\/uploads\/2025\/03\/Recurso-4-1.png","type":"","width":"","height":""}],"twitter_card":"summary_large_image","twitter_misc":{"Tiempo de lectura":"3 minutos"},"schema":{"@context":"https:\/\/schema.org","@graph":[{"@type":"WebPage","@id":"https:\/\/rebelbarbers.com\/es\/intercambio-idiomas\/","url":"https:\/\/rebelbarbers.com\/es\/intercambio-idiomas\/","name":"Intercambio de idiomas","isPartOf":{"@id":"https:\/\/rebelbarbers.com\/es\/#website"},"primaryImageOfPage":{"@id":"https:\/\/rebelbarbers.com\/es\/intercambio-idiomas\/#primaryimage"},"image":{"@id":"https:\/\/rebelbarbers.com\/es\/intercambio-idiomas\/#primaryimage"},"thumbnailUrl":"https:\/\/rebelbarbers.com\/wp-content\/uploads\/2025\/03\/Recurso-4-1.png","datePublished":"2025-03-27T18:45:57+00:00","dateModified":"2025-03-27T19:21:01+00:00","description":"Ven a nuestro Intercambio de Idiomas en Rebel Barber: eventos mensuales, practica tu idiomas y disfruta c\u00f3cteles en un ambiente y divertido.","breadcrumb":{"@id":"https:\/\/rebelbarbers.com\/es\/intercambio-idiomas\/#breadcrumb"},"inLanguage":"es","potentialAction":[{"@type":"ReadAction","target":["https:\/\/rebelbarbers.com\/es\/intercambio-idiomas\/"]}]},{"@type":"ImageObject","inLanguage":"es","@id":"https:\/\/rebelbarbers.com\/es\/intercambio-idiomas\/#primaryimage","url":"https:\/\/rebelbarbers.com\/wp-content\/uploads\/2025\/03\/Recurso-4-1.png","contentUrl":"https:\/\/rebelbarbers.com\/wp-content\/uploads\/2025\/03\/Recurso-4-1.png"},{"@type":"BreadcrumbList","@id":"https:\/\/rebelbarbers.com\/es\/intercambio-idiomas\/#breadcrumb","itemListElement":[{"@type":"ListItem","position":1,"name":"Home","item":"https:\/\/rebelbarbers.com\/es\/"},{"@type":"ListItem","position":2,"name":"Intercambio de Idiomas"}]},{"@type":"WebSite","@id":"https:\/\/rebelbarbers.com\/es\/#website","url":"https:\/\/rebelbarbers.com\/es\/","name":"Rebel Barbers &amp; Massage","description":"The essential barber shop for today&#039;s men","publisher":{"@id":"https:\/\/rebelbarbers.com\/es\/#organization"},"potentialAction":[{"@type":"SearchAction","target":{"@type":"EntryPoint","urlTemplate":"https:\/\/rebelbarbers.com\/es\/?s={search_term_string}"},"query-input":{"@type":"PropertyValueSpecification","valueRequired":true,"valueName":"search_term_string"}}],"inLanguage":"es"},{"@type":"Organization","@id":"https:\/\/rebelbarbers.com\/es\/#organization","name":"Rebel Barbers &amp; Massage","url":"https:\/\/rebelbarbers.com\/es\/","logo":{"@type":"ImageObject","inLanguage":"es","@id":"https:\/\/rebelbarbers.com\/es\/#\/schema\/logo\/image\/","url":"https:\/\/rebelbarbers.com\/wp-content\/uploads\/2021\/09\/cropped-Rebel-Barbers-Logos_Mesa-de-trabajo-1-copia-3-1.png","contentUrl":"https:\/\/rebelbarbers.com\/wp-content\/uploads\/2021\/09\/cropped-Rebel-Barbers-Logos_Mesa-de-trabajo-1-copia-3-1.png","width":1277,"height":465,"caption":"Rebel Barbers &amp; Massage"},"image":{"@id":"https:\/\/rebelbarbers.com\/es\/#\/schema\/logo\/image\/"}}]}},"_links":{"self":[{"href":"https:\/\/rebelbarbers.com\/es\/wp-json\/wp\/v2\/pages\/8050","targetHints":{"allow":["GET"]}}],"collection":[{"href":"https:\/\/rebelbarbers.com\/es\/wp-json\/wp\/v2\/pages"}],"about":[{"href":"https:\/\/rebelbarbers.com\/es\/wp-json\/wp\/v2\/types\/page"}],"author":[{"embeddable":true,"href":"https:\/\/rebelbarbers.com\/es\/wp-json\/wp\/v2\/users\/15"}],"replies":[{"embeddable":true,"href":"https:\/\/rebelbarbers.com\/es\/wp-json\/wp\/v2\/comments?post=8050"}],"version-history":[{"count":7,"href":"https:\/\/rebelbarbers.com\/es\/wp-json\/wp\/v2\/pages\/8050\/revisions"}],"predecessor-version":[{"id":8089,"href":"https:\/\/rebelbarbers.com\/es\/wp-json\/wp\/v2\/pages\/8050\/revisions\/8089"}],"wp:attachment":[{"href":"https:\/\/rebelbarbers.com\/es\/wp-json\/wp\/v2\/media?parent=8050"}],"curies":[{"name":"wp","href":"https:\/\/api.w.org\/{rel}","templated":true}]}}