{"id":7727,"date":"2024-08-08T14:02:13","date_gmt":"2024-08-08T14:02:13","guid":{"rendered":"https:\/\/rebelbarbers.com\/?page_id=7727"},"modified":"2024-08-09T12:25:31","modified_gmt":"2024-08-09T12:25:31","slug":"karaoke","status":"publish","type":"page","link":"https:\/\/rebelbarbers.com\/es\/karaoke\/","title":{"rendered":"Karaoke"},"content":{"rendered":"<div class=\"gb-container gb-container-142c5d0d\"><div class=\"gb-inside-container\">\n\n<h1 class=\"gb-headline gb-headline-2e588381 gb-headline-text pespecial\"><strong>Karaoke Privado<\/strong><\/h1>\n\n\n\n<hr class=\"wp-block-separator has-text-color has-css-opacity has-background separatorline\" style=\"background-color:#ffe4a8;color:#ffe4a8\"\/>\n\n\n<div class=\"gb-container gb-container-e5e0098c\">\n\n<div class=\"wp-block-columns is-layout-flex wp-container-core-columns-is-layout-9d6595d7 wp-block-columns-is-layout-flex\">\n<div class=\"wp-block-column is-vertically-aligned-center is-layout-flow wp-block-column-is-layout-flow\"><div class=\"wp-block-image\">\n<figure class=\"aligncenter size-full\"><img fetchpriority=\"high\" decoding=\"async\" width=\"580\" height=\"581\" src=\"https:\/\/rebelbarbers.com\/wp-content\/uploads\/2024\/08\/Deep-Facial-Cleansing-6.png\" alt=\"Deep Facial Cleansing\" class=\"wp-image-7723\" style=\"object-fit:cover\" srcset=\"https:\/\/rebelbarbers.com\/wp-content\/uploads\/2024\/08\/Deep-Facial-Cleansing-6.png 580w, https:\/\/rebelbarbers.com\/wp-content\/uploads\/2024\/08\/Deep-Facial-Cleansing-6-300x300.png 300w, https:\/\/rebelbarbers.com\/wp-content\/uploads\/2024\/08\/Deep-Facial-Cleansing-6-150x150.png 150w\" sizes=\"(max-width: 580px) 100vw, 580px\" \/><\/figure>\n<\/div><\/div>\n\n\n\n<div class=\"wp-block-column is-layout-flow wp-block-column-is-layout-flow\">\n<div style=\"height:40px\" aria-hidden=\"true\" class=\"wp-block-spacer\"><\/div>\n\n\n\n<p class=\"has-text-align-center has-background\" style=\"background-color:#ffe4a8\">\u00a1Transforma tu noche en una experiencia inolvidable con nuestra <strong>Fiesta de Karaoke Privada!<\/strong><\/p>\n\n\n\n<p class=\"has-text-align-center\">Por solo <strong>$45.000 COP<\/strong> por persona, disfruta de acceso exclusivo al bar completo para tu grupo, con una bartender privada y un DJ de karaoke profesional que se asegurar\u00e1 de que suenes incre\u00edble. <strong>Disponible todas las noches excepto martes, elige entre dos franjas horarias: de 8:00&nbsp; a 11:00 PM o de 11:00 PM a 2:00 AM.<\/strong> Disfruta de nuestro sistema de sonido de \u00faltima generaci\u00f3n y aprovecha el servicio de catering de tacos del excelente lugar al lado.<\/p>\n\n\n\n<p class=\"has-text-align-center\">Con un m\u00ednimo de <strong>8 y un m\u00e1ximo de 20 invitados,<\/strong> y una estricta pol\u00edtica de no permitir invitados externos, tu fiesta ser\u00e1 verdaderamente privada. Ubicados en pleno coraz\u00f3n del Parque Lleras, ofrecemos una garant\u00eda de devoluci\u00f3n de dinero si no pasas una excelente noche. Cont\u00e1ctanos por WhatsApp para asegurar tu fecha y prep\u00e1rate para una noche \u00e9pica de diversi\u00f3n y m\u00fasica.<\/p>\n\n\n<div class=\"gb-button-wrapper gb-button-wrapper-bc86821f\">\n\n<a class=\"gb-button gb-button-9cc13256 gb-button-text\" href=\"https:\/\/api.whatsapp.com\/send\/?phone=573015029287&amp;text&amp;app_absent=0\"><strong>Cont\u00e1ctanos Ahora<\/strong><\/a>\n\n<\/div><\/div>\n<\/div>\n\n<\/div>\n\n<div class=\"gb-container gb-container-2524388b\">\n\n<h2 class=\"wp-block-heading has-text-align-center pespecial\" id=\"membership\">Membres\u00edas<\/h2>\n\n<\/div>\n\n\n<hr class=\"wp-block-separator has-text-color has-css-opacity has-background separatorline is-style-wide\" style=\"background-color:#ffe4a8;color:#ffe4a8\"\/>\n\n\n<div class=\"gb-container gb-container-b084f7e0\"><div class=\"gb-inside-container\">\n\n<p class=\"gb-headline gb-headline-aa6f1e71 gb-headline-text pespecial\"><strong>Por tiempo limitado, accede a descuentos \u00fanicos en beneficios especiales con nuestra membres\u00eda.<\/strong><\/p>\n\n\n\n<div class=\"wp-block-columns is-layout-flex wp-container-core-columns-is-layout-9d6595d7 wp-block-columns-is-layout-flex\">\n<div class=\"wp-block-column is-layout-flow wp-block-column-is-layout-flow\"><div class=\"gb-container gb-container-9de57b1c\"><div class=\"gb-inside-container\">\n\n<h3 class=\"gb-headline gb-headline-5b82b302 gb-headline-text\">Plata<\/h3>\n\n\n\n<p class=\"gb-headline gb-headline-f6f7ce1d gb-headline-text\">$830.000 COP<\/p>\n\n\n\n<p class=\"gb-headline gb-headline-407bf3a9 gb-headline-text\">9 Servicios<\/p>\n\n\n\n<p class=\"gb-headline gb-headline-8b174e70 gb-headline-text\">3 Servicios Extra<\/p>\n\n\n\n<p class=\"gb-headline gb-headline-0060dd14 gb-headline-text\">3 Cervezas Nacionales<\/p>\n\n\n\n<p class=\"gb-headline gb-headline-3c0613d2 gb-headline-text\">1 Masaje Relajante<\/p>\n\n\n\n<p class=\"gb-headline gb-headline-002ca0e6 gb-headline-text\">V\u00e1lido por 3 Meses<\/p>\n\n<\/div><\/div><\/div>\n\n\n\n<div class=\"wp-block-column is-layout-flow wp-block-column-is-layout-flow\"><div class=\"gb-container gb-container-34b39ccd\"><div class=\"gb-inside-container\">\n\n<h3 class=\"gb-headline gb-headline-1adfa609 gb-headline-text\">Oro<\/h3>\n\n\n\n<p class=\"gb-headline gb-headline-97ec83c5 gb-headline-text\">$1.450.000 COP <\/p>\n\n\n\n<p class=\"gb-headline gb-headline-8dc66ab5 gb-headline-text\">15 Servicios<\/p>\n\n\n\n<p class=\"gb-headline gb-headline-9512029a gb-headline-text\">5 Servicios Extra<\/p>\n\n\n\n<p class=\"gb-headline gb-headline-a9e986d0 gb-headline-text\">3 Cocktails Rebel<\/p>\n\n\n\n<p class=\"gb-headline gb-headline-3a217e90 gb-headline-text\">2 Cervezas<\/p>\n\n\n\n<p class=\"gb-headline gb-headline-e682f7a2 gb-headline-text\">2 Masajes Relajantes<\/p>\n\n\n\n<p class=\"gb-headline gb-headline-09665e6e gb-headline-text\">V\u00e1lido por 6 Meses<\/p>\n\n<\/div><\/div><\/div>\n\n\n\n<div class=\"wp-block-column is-layout-flow wp-block-column-is-layout-flow\"><div class=\"gb-container gb-container-b3156cab\"><div class=\"gb-inside-container\">\n\n<h3 class=\"gb-headline gb-headline-0ed49329 gb-headline-text\">Platino<\/h3>\n\n\n\n<p class=\"gb-headline gb-headline-4ce2e3f6 gb-headline-text\">$2.100.000 COP <\/p>\n\n\n\n<p class=\"gb-headline gb-headline-0b60f2ea gb-headline-text\">22 Servicios<\/p>\n\n\n\n<p class=\"gb-headline gb-headline-120fafdb gb-headline-text\">10 Servicios Extra<\/p>\n\n\n\n<p class=\"gb-headline gb-headline-31797333 gb-headline-text\">6 Cocktails Rebel <\/p>\n\n\n\n<p class=\"gb-headline gb-headline-08e0f0ec gb-headline-text\">4 Cervezas<\/p>\n\n\n\n<p class=\"gb-headline gb-headline-cec69dc2 gb-headline-text\">3 Masajes Relajantes<\/p>\n\n\n\n<p class=\"gb-headline gb-headline-5db30e2a gb-headline-text\">V\u00e1lido por 1 A\u00f1o<\/p>\n\n<\/div><\/div><\/div>\n<\/div>\n\n\n\n<div style=\"height:50px\" aria-hidden=\"true\" class=\"wp-block-spacer\"><\/div>\n\n\n<div class=\"gb-button-wrapper gb-button-wrapper-767b777a\">\n\n<a class=\"gb-button gb-button-3c7e7785 gb-button-text\" href=\"https:\/\/es.fresha.com\/a\/rebel-barbers-medellin-carrera-36-10-36-ye59m0x1\/booking?utm_source=Whatsapp&amp;utm_medium=Products+Catalog+\">UNIRSE AHORA<\/a>\n\n<\/div>\n\n\n<div style=\"height:80px\" aria-hidden=\"true\" class=\"wp-block-spacer\"><\/div>\n\n\n\n<p class=\"gb-headline gb-headline-b1b057d9 gb-headline-text pespecial\">\u00bfPreguntas sobre las Membres\u00edas?<\/p>\n\n\n<div class=\"gb-button-wrapper gb-button-wrapper-61b5ad36\">\n\n<a class=\"gb-button gb-button-2f8b5736\" href=\"tel:+573112344712\" target=\"_blank\" rel=\"noopener noreferrer\"><span class=\"gb-icon\"><svg aria-hidden=\"true\" role=\"img\" height=\"1em\" width=\"1em\" viewBox=\"0 0 512 512\" xmlns=\"https:\/\/www.w3.org\/2000\/svg\"><path fill=\"currentColor\" d=\"M493.4 24.6l-104-24c-11.3-2.6-22.9 3.3-27.5 13.9l-48 112c-4.2 9.8-1.4 21.3 6.9 28l60.6 49.6c-36 76.7-98.9 140.5-177.2 177.2l-49.6-60.6c-6.8-8.3-18.2-11.1-28-6.9l-112 48C3.9 366.5-2 378.1.6 389.4l24 104C27.1 504.2 36.7 512 48 512c256.1 0 464-207.5 464-464 0-11.2-7.7-20.9-18.6-23.4z\"><\/path><\/svg><\/span><span class=\"gb-button-text\">(+57) 311 234-4712<\/span><\/a>\n\n\n\n<a class=\"gb-button gb-button-1cc153f1\" href=\"https:\/\/api.whatsapp.com\/send\/?phone=573015029287&amp;text&amp;app_absent=0\" target=\"_blank\" rel=\"noopener noreferrer\"><span class=\"gb-icon\"><svg aria-hidden=\"true\" role=\"img\" height=\"1em\" width=\"1em\" viewBox=\"0 0 448 512\" xmlns=\"https:\/\/www.w3.org\/2000\/svg\"><path fill=\"currentColor\" d=\"M380.9 97.1C339 55.1 283.2 32 223.9 32c-122.4 0-222 99.6-222 222 0 39.1 10.2 77.3 29.6 111L0 480l117.7-30.9c32.4 17.7 68.9 27 106.1 27h.1c122.3 0 224.1-99.6 224.1-222 0-59.3-25.2-115-67.1-157zm-157 341.6c-33.2 0-65.7-8.9-94-25.7l-6.7-4-69.8 18.3L72 359.2l-4.4-7c-18.5-29.4-28.2-63.3-28.2-98.2 0-101.7 82.8-184.5 184.6-184.5 49.3 0 95.6 19.2 130.4 54.1 34.8 34.9 56.2 81.2 56.1 130.5 0 101.8-84.9 184.6-186.6 184.6zm101.2-138.2c-5.5-2.8-32.8-16.2-37.9-18-5.1-1.9-8.8-2.8-12.5 2.8-3.7 5.6-14.3 18-17.6 21.8-3.2 3.7-6.5 4.2-12 1.4-32.6-16.3-54-29.1-75.5-66-5.7-9.8 5.7-9.1 16.3-30.3 1.8-3.7.9-6.9-.5-9.7-1.4-2.8-12.5-30.1-17.1-41.2-4.5-10.8-9.1-9.3-12.5-9.5-3.2-.2-6.9-.2-10.6-.2-3.7 0-9.7 1.4-14.8 6.9-5.1 5.6-19.4 19-19.4 46.3 0 27.3 19.9 53.7 22.6 57.4 2.8 3.7 39.1 59.7 94.8 83.8 35.2 15.2 49 16.5 66.6 13.9 10.7-1.6 32.8-13.4 37.4-26.4 4.6-13 4.6-24.1 3.2-26.4-1.3-2.5-5-3.9-10.5-6.6z\"><\/path><\/svg><\/span><span class=\"gb-button-text\">WHATSAPP<\/span><\/a>\n\n<\/div>\n<\/div><\/div>\n\n<div class=\"gb-container gb-container-ce958317 no-marging\"><div class=\"gb-inside-container\">\n<div class=\"wp-block-image\">\n<figure class=\"aligncenter size-full is-resized\"><img decoding=\"async\" width=\"895\" height=\"895\" src=\"https:\/\/rebelbarbers.com\/wp-content\/uploads\/2021\/07\/BARBER-CHAIR-1.png\" alt=\"REBEL BARBER CHAIR\" class=\"wp-image-5095\" style=\"width:895px;height:895px\" srcset=\"https:\/\/rebelbarbers.com\/wp-content\/uploads\/2021\/07\/BARBER-CHAIR-1.png 895w, https:\/\/rebelbarbers.com\/wp-content\/uploads\/2021\/07\/BARBER-CHAIR-1-300x300.png 300w, https:\/\/rebelbarbers.com\/wp-content\/uploads\/2021\/07\/BARBER-CHAIR-1-150x150.png 150w, https:\/\/rebelbarbers.com\/wp-content\/uploads\/2021\/07\/BARBER-CHAIR-1-768x768.png 768w\" sizes=\"(max-width: 895px) 100vw, 895px\" \/><\/figure>\n<\/div>\n<\/div><\/div>\n<\/div><\/div>\n\n<div class=\"gb-container gb-container-aabbbd85\"><div class=\"gb-inside-container\">\n\n\n\n<div style=\"height:70px\" aria-hidden=\"true\" class=\"wp-block-spacer\"><\/div>\n\n\n\n<p class=\"gb-headline gb-headline-cfd7ebb9 gb-headline-text pespecial\">Si\u00e9ntante. Rel\u00e1jate.<\/p>\n\n\n\n<p class=\"gb-headline gb-headline-a47830d5 gb-headline-text pespecial\">Disfruta la Experiencia Rebel.<\/p>\n\n<\/div><\/div>\n\n\n<p><\/p>\n","protected":false},"excerpt":{"rendered":"<p>Karaoke Privado \u00a1Transforma tu noche en una experiencia inolvidable con nuestra Fiesta de Karaoke Privada! Por solo $45.000 COP por persona, disfruta de acceso exclusivo al bar completo para tu grupo, con una bartender privada y un DJ de karaoke profesional que se asegurar\u00e1 de que suenes incre\u00edble. Disponible todas las noches excepto martes, elige &#8230; <a title=\"Karaoke\" class=\"read-more\" href=\"https:\/\/rebelbarbers.com\/es\/karaoke\/\" aria-label=\"Leer m\u00e1s sobre Karaoke\">Leer m\u00e1s<\/a><\/p>\n","protected":false},"author":15,"featured_media":0,"parent":0,"menu_order":0,"comment_status":"closed","ping_status":"closed","template":"","meta":{"footnotes":""},"class_list":["post-7727","page","type-page","status-publish"],"yoast_head":"<!-- This site is optimized with the Yoast SEO plugin v27.4 - https:\/\/yoast.com\/product\/yoast-seo-wordpress\/ -->\n<title>Karaoke - Rebel Barbers &amp; Massage<\/title>\n<meta name=\"description\" content=\"Nuestro corte de cabello para hombres incluye una toalla facial caliente, champ\u00fa, acondicionador de masaje, corte y peinado.\" \/>\n<meta name=\"robots\" content=\"index, follow, max-snippet:-1, max-image-preview:large, max-video-preview:-1\" \/>\n<link rel=\"canonical\" href=\"https:\/\/rebelbarbers.com\/es\/karaoke\/\" \/>\n<meta property=\"og:locale\" content=\"es_ES\" \/>\n<meta property=\"og:type\" content=\"article\" \/>\n<meta property=\"og:title\" content=\"Karaoke - Rebel Barbers &amp; Massage\" \/>\n<meta property=\"og:description\" content=\"Nuestro corte de cabello para hombres incluye una toalla facial caliente, champ\u00fa, acondicionador de masaje, corte y peinado.\" \/>\n<meta property=\"og:url\" content=\"https:\/\/rebelbarbers.com\/es\/karaoke\/\" \/>\n<meta property=\"og:site_name\" content=\"Rebel Barbers &amp; Massage\" \/>\n<meta property=\"article:modified_time\" content=\"2024-08-09T12:25:31+00:00\" \/>\n<meta property=\"og:image\" content=\"https:\/\/rebelbarbers.com\/wp-content\/uploads\/2024\/08\/Deep-Facial-Cleansing-6.png\" \/>\n<meta name=\"twitter:card\" content=\"summary_large_image\" \/>\n<meta name=\"twitter:label1\" content=\"Tiempo de lectura\" \/>\n\t<meta name=\"twitter:data1\" content=\"3 minutos\" \/>\n<script type=\"application\/ld+json\" class=\"yoast-schema-graph\">{\"@context\":\"https:\\\/\\\/schema.org\",\"@graph\":[{\"@type\":\"WebPage\",\"@id\":\"https:\\\/\\\/rebelbarbers.com\\\/es\\\/karaoke\\\/\",\"url\":\"https:\\\/\\\/rebelbarbers.com\\\/es\\\/karaoke\\\/\",\"name\":\"Karaoke - Rebel Barbers &amp; Massage\",\"isPartOf\":{\"@id\":\"https:\\\/\\\/rebelbarbers.com\\\/es\\\/#website\"},\"primaryImageOfPage\":{\"@id\":\"https:\\\/\\\/rebelbarbers.com\\\/es\\\/karaoke\\\/#primaryimage\"},\"image\":{\"@id\":\"https:\\\/\\\/rebelbarbers.com\\\/es\\\/karaoke\\\/#primaryimage\"},\"thumbnailUrl\":\"https:\\\/\\\/rebelbarbers.com\\\/wp-content\\\/uploads\\\/2024\\\/08\\\/Deep-Facial-Cleansing-6.png\",\"datePublished\":\"2024-08-08T14:02:13+00:00\",\"dateModified\":\"2024-08-09T12:25:31+00:00\",\"description\":\"Nuestro corte de cabello para hombres incluye una toalla facial caliente, champ\u00fa, acondicionador de masaje, corte y peinado.\",\"breadcrumb\":{\"@id\":\"https:\\\/\\\/rebelbarbers.com\\\/es\\\/karaoke\\\/#breadcrumb\"},\"inLanguage\":\"es\",\"potentialAction\":[{\"@type\":\"ReadAction\",\"target\":[\"https:\\\/\\\/rebelbarbers.com\\\/es\\\/karaoke\\\/\"]}]},{\"@type\":\"ImageObject\",\"inLanguage\":\"es\",\"@id\":\"https:\\\/\\\/rebelbarbers.com\\\/es\\\/karaoke\\\/#primaryimage\",\"url\":\"https:\\\/\\\/rebelbarbers.com\\\/wp-content\\\/uploads\\\/2024\\\/08\\\/Deep-Facial-Cleansing-6.png\",\"contentUrl\":\"https:\\\/\\\/rebelbarbers.com\\\/wp-content\\\/uploads\\\/2024\\\/08\\\/Deep-Facial-Cleansing-6.png\"},{\"@type\":\"BreadcrumbList\",\"@id\":\"https:\\\/\\\/rebelbarbers.com\\\/es\\\/karaoke\\\/#breadcrumb\",\"itemListElement\":[{\"@type\":\"ListItem\",\"position\":1,\"name\":\"Home\",\"item\":\"https:\\\/\\\/rebelbarbers.com\\\/es\\\/\"},{\"@type\":\"ListItem\",\"position\":2,\"name\":\"Karaoke\"}]},{\"@type\":\"WebSite\",\"@id\":\"https:\\\/\\\/rebelbarbers.com\\\/es\\\/#website\",\"url\":\"https:\\\/\\\/rebelbarbers.com\\\/es\\\/\",\"name\":\"Rebel Barbers &amp; Massage\",\"description\":\"The essential barber shop for today&#039;s men\",\"publisher\":{\"@id\":\"https:\\\/\\\/rebelbarbers.com\\\/es\\\/#organization\"},\"potentialAction\":[{\"@type\":\"SearchAction\",\"target\":{\"@type\":\"EntryPoint\",\"urlTemplate\":\"https:\\\/\\\/rebelbarbers.com\\\/es\\\/?s={search_term_string}\"},\"query-input\":{\"@type\":\"PropertyValueSpecification\",\"valueRequired\":true,\"valueName\":\"search_term_string\"}}],\"inLanguage\":\"es\"},{\"@type\":\"Organization\",\"@id\":\"https:\\\/\\\/rebelbarbers.com\\\/es\\\/#organization\",\"name\":\"Rebel Barbers &amp; Massage\",\"url\":\"https:\\\/\\\/rebelbarbers.com\\\/es\\\/\",\"logo\":{\"@type\":\"ImageObject\",\"inLanguage\":\"es\",\"@id\":\"https:\\\/\\\/rebelbarbers.com\\\/es\\\/#\\\/schema\\\/logo\\\/image\\\/\",\"url\":\"https:\\\/\\\/rebelbarbers.com\\\/wp-content\\\/uploads\\\/2021\\\/09\\\/cropped-Rebel-Barbers-Logos_Mesa-de-trabajo-1-copia-3-1.png\",\"contentUrl\":\"https:\\\/\\\/rebelbarbers.com\\\/wp-content\\\/uploads\\\/2021\\\/09\\\/cropped-Rebel-Barbers-Logos_Mesa-de-trabajo-1-copia-3-1.png\",\"width\":1277,\"height\":465,\"caption\":\"Rebel Barbers &amp; Massage\"},\"image\":{\"@id\":\"https:\\\/\\\/rebelbarbers.com\\\/es\\\/#\\\/schema\\\/logo\\\/image\\\/\"}}]}<\/script>\n<!-- \/ Yoast SEO plugin. -->","yoast_head_json":{"title":"Karaoke - Rebel Barbers &amp; Massage","description":"Nuestro corte de cabello para hombres incluye una toalla facial caliente, champ\u00fa, acondicionador de masaje, corte y peinado.","robots":{"index":"index","follow":"follow","max-snippet":"max-snippet:-1","max-image-preview":"max-image-preview:large","max-video-preview":"max-video-preview:-1"},"canonical":"https:\/\/rebelbarbers.com\/es\/karaoke\/","og_locale":"es_ES","og_type":"article","og_title":"Karaoke - Rebel Barbers &amp; Massage","og_description":"Nuestro corte de cabello para hombres incluye una toalla facial caliente, champ\u00fa, acondicionador de masaje, corte y peinado.","og_url":"https:\/\/rebelbarbers.com\/es\/karaoke\/","og_site_name":"Rebel Barbers &amp; Massage","article_modified_time":"2024-08-09T12:25:31+00:00","og_image":[{"url":"https:\/\/rebelbarbers.com\/wp-content\/uploads\/2024\/08\/Deep-Facial-Cleansing-6.png","type":"","width":"","height":""}],"twitter_card":"summary_large_image","twitter_misc":{"Tiempo de lectura":"3 minutos"},"schema":{"@context":"https:\/\/schema.org","@graph":[{"@type":"WebPage","@id":"https:\/\/rebelbarbers.com\/es\/karaoke\/","url":"https:\/\/rebelbarbers.com\/es\/karaoke\/","name":"Karaoke - Rebel Barbers &amp; Massage","isPartOf":{"@id":"https:\/\/rebelbarbers.com\/es\/#website"},"primaryImageOfPage":{"@id":"https:\/\/rebelbarbers.com\/es\/karaoke\/#primaryimage"},"image":{"@id":"https:\/\/rebelbarbers.com\/es\/karaoke\/#primaryimage"},"thumbnailUrl":"https:\/\/rebelbarbers.com\/wp-content\/uploads\/2024\/08\/Deep-Facial-Cleansing-6.png","datePublished":"2024-08-08T14:02:13+00:00","dateModified":"2024-08-09T12:25:31+00:00","description":"Nuestro corte de cabello para hombres incluye una toalla facial caliente, champ\u00fa, acondicionador de masaje, corte y peinado.","breadcrumb":{"@id":"https:\/\/rebelbarbers.com\/es\/karaoke\/#breadcrumb"},"inLanguage":"es","potentialAction":[{"@type":"ReadAction","target":["https:\/\/rebelbarbers.com\/es\/karaoke\/"]}]},{"@type":"ImageObject","inLanguage":"es","@id":"https:\/\/rebelbarbers.com\/es\/karaoke\/#primaryimage","url":"https:\/\/rebelbarbers.com\/wp-content\/uploads\/2024\/08\/Deep-Facial-Cleansing-6.png","contentUrl":"https:\/\/rebelbarbers.com\/wp-content\/uploads\/2024\/08\/Deep-Facial-Cleansing-6.png"},{"@type":"BreadcrumbList","@id":"https:\/\/rebelbarbers.com\/es\/karaoke\/#breadcrumb","itemListElement":[{"@type":"ListItem","position":1,"name":"Home","item":"https:\/\/rebelbarbers.com\/es\/"},{"@type":"ListItem","position":2,"name":"Karaoke"}]},{"@type":"WebSite","@id":"https:\/\/rebelbarbers.com\/es\/#website","url":"https:\/\/rebelbarbers.com\/es\/","name":"Rebel Barbers &amp; Massage","description":"The essential barber shop for today&#039;s men","publisher":{"@id":"https:\/\/rebelbarbers.com\/es\/#organization"},"potentialAction":[{"@type":"SearchAction","target":{"@type":"EntryPoint","urlTemplate":"https:\/\/rebelbarbers.com\/es\/?s={search_term_string}"},"query-input":{"@type":"PropertyValueSpecification","valueRequired":true,"valueName":"search_term_string"}}],"inLanguage":"es"},{"@type":"Organization","@id":"https:\/\/rebelbarbers.com\/es\/#organization","name":"Rebel Barbers &amp; Massage","url":"https:\/\/rebelbarbers.com\/es\/","logo":{"@type":"ImageObject","inLanguage":"es","@id":"https:\/\/rebelbarbers.com\/es\/#\/schema\/logo\/image\/","url":"https:\/\/rebelbarbers.com\/wp-content\/uploads\/2021\/09\/cropped-Rebel-Barbers-Logos_Mesa-de-trabajo-1-copia-3-1.png","contentUrl":"https:\/\/rebelbarbers.com\/wp-content\/uploads\/2021\/09\/cropped-Rebel-Barbers-Logos_Mesa-de-trabajo-1-copia-3-1.png","width":1277,"height":465,"caption":"Rebel Barbers &amp; Massage"},"image":{"@id":"https:\/\/rebelbarbers.com\/es\/#\/schema\/logo\/image\/"}}]}},"_links":{"self":[{"href":"https:\/\/rebelbarbers.com\/es\/wp-json\/wp\/v2\/pages\/7727","targetHints":{"allow":["GET"]}}],"collection":[{"href":"https:\/\/rebelbarbers.com\/es\/wp-json\/wp\/v2\/pages"}],"about":[{"href":"https:\/\/rebelbarbers.com\/es\/wp-json\/wp\/v2\/types\/page"}],"author":[{"embeddable":true,"href":"https:\/\/rebelbarbers.com\/es\/wp-json\/wp\/v2\/users\/15"}],"replies":[{"embeddable":true,"href":"https:\/\/rebelbarbers.com\/es\/wp-json\/wp\/v2\/comments?post=7727"}],"version-history":[{"count":5,"href":"https:\/\/rebelbarbers.com\/es\/wp-json\/wp\/v2\/pages\/7727\/revisions"}],"predecessor-version":[{"id":7753,"href":"https:\/\/rebelbarbers.com\/es\/wp-json\/wp\/v2\/pages\/7727\/revisions\/7753"}],"wp:attachment":[{"href":"https:\/\/rebelbarbers.com\/es\/wp-json\/wp\/v2\/media?parent=7727"}],"curies":[{"name":"wp","href":"https:\/\/api.w.org\/{rel}","templated":true}]}}