{"id":5507,"date":"2020-10-26T20:05:55","date_gmt":"2020-10-26T20:05:55","guid":{"rendered":"https:\/\/rebelbarbers.com\/contact\/"},"modified":"2024-07-29T13:27:28","modified_gmt":"2024-07-29T13:27:28","slug":"contact","status":"publish","type":"page","link":"https:\/\/rebelbarbers.com\/es\/contact\/","title":{"rendered":"Contact"},"content":{"rendered":"\n<h1 class=\"gb-headline gb-headline-55bebc02 gb-headline-text\">Contacto<\/h1>\n\n\n\n<hr class=\"wp-block-separator has-text-color has-css-opacity has-background is-style-wide\" style=\"background-color:#ffe4a8;color:#ffe4a8\"\/>\n\n\n<div class=\"gb-container gb-container-b8d1d45a\"><div class=\"gb-inside-container\">\n\n<p class=\"gb-headline gb-headline-e75a943b gb-headline-text pespecial\">Rebel Barbers &amp; Massage<br>Cra 39 #8-42 Parque Lleras<br>Medell\u00edn, Colombia<\/p>\n\n\n\n<hr class=\"wp-block-separator has-text-color has-css-opacity has-background is-style-wide\" style=\"background-color:#ffe4a8;color:#ffe4a8\"\/>\n\n\n\n<p class=\"gb-headline gb-headline-8379108c gb-headline-text pespecial\">Llega hasta ac\u00e1 con una aplicaci\u00f3n de mapas.<\/p>\n\n\n<div class=\"gb-button-wrapper gb-button-wrapper-42b2d4da\">\n\n<a class=\"gb-button gb-button-b639dc16 gb-button-text\" href=\"https:\/\/maps.app.goo.gl\/AXKwGb5F9QTTF8HeA\">Maps<\/a>\n\n\n\n<a class=\"gb-button gb-button-87cee6a7 gb-button-text\" href=\"https:\/\/ul.waze.com\/ul?ll=6.20825913%2C-75.56826282&amp;navigate=yes&amp;utm_campaign=default&amp;utm_source=waze_website&amp;utm_medium=lm_share_location\">Waze<\/a>\n\n\n\n<span class=\"gb-button gb-button-cab66620 gb-button-text\"><a href=\"https:\/\/maps.apple.com\/?address=Carrera%2036%2010-36,%20Medellin,%20Antioquia,%20Colombia&amp;ll=6.209188,-75.565813&amp;q=Rebel%20Barbers&amp;_ext=EiYpulLxYrDRGEAxqxsju3\/kUsA5qP4fROPaGEBBQUq4ruvjUsBQBA%3D%3D\" target=\"_blank\" rel=\"noopener\">APPLE<\/a><\/span>\n\n<\/div>\n\n\n<p class=\"gb-headline gb-headline-2cafc9d7 gb-headline-text pespecial\">Si prefieres llama o chatea con nosotros, estamos aqu\u00ed para ayudar.<\/p>\n\n\n<div class=\"gb-button-wrapper gb-button-wrapper-495cc1ea\">\n\n<a class=\"gb-button gb-button-4a1f5926\" href=\"tel:+573112344712\" target=\"_blank\" rel=\"noopener noreferrer\"><span class=\"gb-icon\"><svg aria-hidden=\"true\" role=\"img\" height=\"1em\" width=\"1em\" viewBox=\"0 0 512 512\" xmlns=\"https:\/\/www.w3.org\/2000\/svg\"><path fill=\"currentColor\" d=\"M493.4 24.6l-104-24c-11.3-2.6-22.9 3.3-27.5 13.9l-48 112c-4.2 9.8-1.4 21.3 6.9 28l60.6 49.6c-36 76.7-98.9 140.5-177.2 177.2l-49.6-60.6c-6.8-8.3-18.2-11.1-28-6.9l-112 48C3.9 366.5-2 378.1.6 389.4l24 104C27.1 504.2 36.7 512 48 512c256.1 0 464-207.5 464-464 0-11.2-7.7-20.9-18.6-23.4z\"><\/path><\/svg><\/span><span class=\"gb-button-text\">(+57) 311 234-4712<\/span><\/a>\n\n\n\n<a class=\"gb-button gb-button-6cf4bde6\" href=\"https:\/\/api.whatsapp.com\/send\/?phone=573015029287&amp;text&amp;app_absent=0\"><span class=\"gb-icon\"><svg aria-hidden=\"true\" role=\"img\" height=\"1em\" width=\"1em\" viewBox=\"0 0 448 512\" xmlns=\"https:\/\/www.w3.org\/2000\/svg\"><path fill=\"currentColor\" d=\"M380.9 97.1C339 55.1 283.2 32 223.9 32c-122.4 0-222 99.6-222 222 0 39.1 10.2 77.3 29.6 111L0 480l117.7-30.9c32.4 17.7 68.9 27 106.1 27h.1c122.3 0 224.1-99.6 224.1-222 0-59.3-25.2-115-67.1-157zm-157 341.6c-33.2 0-65.7-8.9-94-25.7l-6.7-4-69.8 18.3L72 359.2l-4.4-7c-18.5-29.4-28.2-63.3-28.2-98.2 0-101.7 82.8-184.5 184.6-184.5 49.3 0 95.6 19.2 130.4 54.1 34.8 34.9 56.2 81.2 56.1 130.5 0 101.8-84.9 184.6-186.6 184.6zm101.2-138.2c-5.5-2.8-32.8-16.2-37.9-18-5.1-1.9-8.8-2.8-12.5 2.8-3.7 5.6-14.3 18-17.6 21.8-3.2 3.7-6.5 4.2-12 1.4-32.6-16.3-54-29.1-75.5-66-5.7-9.8 5.7-9.1 16.3-30.3 1.8-3.7.9-6.9-.5-9.7-1.4-2.8-12.5-30.1-17.1-41.2-4.5-10.8-9.1-9.3-12.5-9.5-3.2-.2-6.9-.2-10.6-.2-3.7 0-9.7 1.4-14.8 6.9-5.1 5.6-19.4 19-19.4 46.3 0 27.3 19.9 53.7 22.6 57.4 2.8 3.7 39.1 59.7 94.8 83.8 35.2 15.2 49 16.5 66.6 13.9 10.7-1.6 32.8-13.4 37.4-26.4 4.6-13 4.6-24.1 3.2-26.4-1.3-2.5-5-3.9-10.5-6.6z\"><\/path><\/svg><\/span><span class=\"gb-button-text\">WHATSAPP<\/span><\/a>\n\n<\/div>\n<\/div><\/div>\n\n<div class=\"gb-container gb-container-749a7cd0\"><div class=\"gb-inside-container\">\n<div class=\"gb-container gb-container-d620d945\"><div class=\"gb-inside-container\">\n\n<div class=\"wp-block-columns is-layout-flex wp-container-core-columns-is-layout-9d6595d7 wp-block-columns-is-layout-flex\">\n<div class=\"wp-block-column is-layout-flow wp-block-column-is-layout-flow\">\n<iframe height=\"900\" title=\"Embedded Wufoo Form\" allowtransparency=\"true\" frameborder=\"0\" scrolling=\"no\" style=\"width:100%;border:none\" src=\"https:\/\/contractorsliability.wufoo.com\/embed\/z63y7uj1gfgmet\/\"> <a href=\"https:\/\/contractorsliability.wufoo.com\/forms\/z63y7uj1gfgmet\/\">Fill out my Wufoo form!<\/a> <\/iframe>\n<\/div>\n\n\n\n<div class=\"wp-block-column is-layout-flow wp-block-column-is-layout-flow\">\n<div style=\"height:50px\" aria-hidden=\"true\" class=\"wp-block-spacer\"><\/div>\n\n\n\n<iframe src=\"https:\/\/www.google.com\/maps\/embed?pb=!1m18!1m12!1m3!1d1983.2099713523144!2d-75.56887753668857!3d6.208210240547555!2m3!1f0!2f0!3f0!3m2!1i1024!2i768!4f13.1!3m3!1m2!1s0x8e44295aede0a197%3A0xfdb2aa7cfc3fd6c4!2sRebel%20Barbers!5e0!3m2!1ses-419!2sco!4v1721390998738!5m2!1ses-419!2sco\" width=\"600\" height=\"450\" style=\"border:0;\" allowfullscreen=\"\" loading=\"lazy\" referrerpolicy=\"no-referrer-when-downgrade\"><\/iframe>\n\n\n\n<p><\/p>\n<\/div>\n<\/div>\n\n<\/div><\/div>\n<\/div><\/div>\n\n\n<p><\/p>\n","protected":false},"excerpt":{"rendered":"<p>Contacto Rebel Barbers &amp; MassageCra 39 #8-42 Parque LlerasMedell\u00edn, Colombia Llega hasta ac\u00e1 con una aplicaci\u00f3n de mapas. Si prefieres llama o chatea con nosotros, estamos aqu\u00ed para ayudar. Fill out my Wufoo form!<\/p>\n","protected":false},"author":15,"featured_media":0,"parent":0,"menu_order":0,"comment_status":"closed","ping_status":"closed","template":"","meta":{"footnotes":""},"class_list":["post-5507","page","type-page","status-publish"],"yoast_head":"<!-- This site is optimized with the Yoast SEO plugin v27.4 - https:\/\/yoast.com\/product\/yoast-seo-wordpress\/ -->\n<title>Contact - Rebel Barbers &amp; Massage<\/title>\n<meta name=\"description\" content=\"En Rebel Barbers estamos abiertos hasta las 10pm, si necesita un corte de pelo, ll\u00e1menos, escribanos, o pase por nuestras instalaciones, con gusto le atenderemos.\" \/>\n<meta name=\"robots\" content=\"index, follow, max-snippet:-1, max-image-preview:large, max-video-preview:-1\" \/>\n<link rel=\"canonical\" href=\"https:\/\/rebelbarbers.com\/es\/contact\/\" \/>\n<meta property=\"og:locale\" content=\"es_ES\" \/>\n<meta property=\"og:type\" content=\"article\" \/>\n<meta property=\"og:title\" content=\"Contact - Rebel Barbers &amp; Massage\" \/>\n<meta property=\"og:description\" content=\"En Rebel Barbers estamos abiertos hasta las 10pm, si necesita un corte de pelo, ll\u00e1menos, escribanos, o pase por nuestras instalaciones, con gusto le atenderemos.\" \/>\n<meta property=\"og:url\" content=\"https:\/\/rebelbarbers.com\/es\/contact\/\" \/>\n<meta property=\"og:site_name\" content=\"Rebel Barbers &amp; Massage\" \/>\n<meta property=\"article:modified_time\" content=\"2024-07-29T13:27:28+00:00\" \/>\n<meta name=\"twitter:card\" content=\"summary_large_image\" \/>\n<meta name=\"twitter:label1\" content=\"Tiempo de lectura\" \/>\n\t<meta name=\"twitter:data1\" content=\"1 minuto\" \/>\n<script type=\"application\/ld+json\" class=\"yoast-schema-graph\">{\"@context\":\"https:\\\/\\\/schema.org\",\"@graph\":[{\"@type\":\"WebPage\",\"@id\":\"https:\\\/\\\/rebelbarbers.com\\\/es\\\/contact\\\/\",\"url\":\"https:\\\/\\\/rebelbarbers.com\\\/es\\\/contact\\\/\",\"name\":\"Contact - Rebel Barbers &amp; Massage\",\"isPartOf\":{\"@id\":\"https:\\\/\\\/rebelbarbers.com\\\/es\\\/#website\"},\"datePublished\":\"2020-10-26T20:05:55+00:00\",\"dateModified\":\"2024-07-29T13:27:28+00:00\",\"description\":\"En Rebel Barbers estamos abiertos hasta las 10pm, si necesita un corte de pelo, ll\u00e1menos, escribanos, o pase por nuestras instalaciones, con gusto le atenderemos.\",\"breadcrumb\":{\"@id\":\"https:\\\/\\\/rebelbarbers.com\\\/es\\\/contact\\\/#breadcrumb\"},\"inLanguage\":\"es\",\"potentialAction\":[{\"@type\":\"ReadAction\",\"target\":[\"https:\\\/\\\/rebelbarbers.com\\\/es\\\/contact\\\/\"]}]},{\"@type\":\"BreadcrumbList\",\"@id\":\"https:\\\/\\\/rebelbarbers.com\\\/es\\\/contact\\\/#breadcrumb\",\"itemListElement\":[{\"@type\":\"ListItem\",\"position\":1,\"name\":\"Home\",\"item\":\"https:\\\/\\\/rebelbarbers.com\\\/es\\\/\"},{\"@type\":\"ListItem\",\"position\":2,\"name\":\"Contact\"}]},{\"@type\":\"WebSite\",\"@id\":\"https:\\\/\\\/rebelbarbers.com\\\/es\\\/#website\",\"url\":\"https:\\\/\\\/rebelbarbers.com\\\/es\\\/\",\"name\":\"Rebel Barbers &amp; Massage\",\"description\":\"The essential barber shop for today&#039;s men\",\"publisher\":{\"@id\":\"https:\\\/\\\/rebelbarbers.com\\\/es\\\/#organization\"},\"potentialAction\":[{\"@type\":\"SearchAction\",\"target\":{\"@type\":\"EntryPoint\",\"urlTemplate\":\"https:\\\/\\\/rebelbarbers.com\\\/es\\\/?s={search_term_string}\"},\"query-input\":{\"@type\":\"PropertyValueSpecification\",\"valueRequired\":true,\"valueName\":\"search_term_string\"}}],\"inLanguage\":\"es\"},{\"@type\":\"Organization\",\"@id\":\"https:\\\/\\\/rebelbarbers.com\\\/es\\\/#organization\",\"name\":\"Rebel Barbers &amp; Massage\",\"url\":\"https:\\\/\\\/rebelbarbers.com\\\/es\\\/\",\"logo\":{\"@type\":\"ImageObject\",\"inLanguage\":\"es\",\"@id\":\"https:\\\/\\\/rebelbarbers.com\\\/es\\\/#\\\/schema\\\/logo\\\/image\\\/\",\"url\":\"https:\\\/\\\/rebelbarbers.com\\\/wp-content\\\/uploads\\\/2021\\\/09\\\/cropped-Rebel-Barbers-Logos_Mesa-de-trabajo-1-copia-3-1.png\",\"contentUrl\":\"https:\\\/\\\/rebelbarbers.com\\\/wp-content\\\/uploads\\\/2021\\\/09\\\/cropped-Rebel-Barbers-Logos_Mesa-de-trabajo-1-copia-3-1.png\",\"width\":1277,\"height\":465,\"caption\":\"Rebel Barbers &amp; Massage\"},\"image\":{\"@id\":\"https:\\\/\\\/rebelbarbers.com\\\/es\\\/#\\\/schema\\\/logo\\\/image\\\/\"}}]}<\/script>\n<!-- \/ Yoast SEO plugin. -->","yoast_head_json":{"title":"Contact - Rebel Barbers &amp; Massage","description":"En Rebel Barbers estamos abiertos hasta las 10pm, si necesita un corte de pelo, ll\u00e1menos, escribanos, o pase por nuestras instalaciones, con gusto le atenderemos.","robots":{"index":"index","follow":"follow","max-snippet":"max-snippet:-1","max-image-preview":"max-image-preview:large","max-video-preview":"max-video-preview:-1"},"canonical":"https:\/\/rebelbarbers.com\/es\/contact\/","og_locale":"es_ES","og_type":"article","og_title":"Contact - Rebel Barbers &amp; Massage","og_description":"En Rebel Barbers estamos abiertos hasta las 10pm, si necesita un corte de pelo, ll\u00e1menos, escribanos, o pase por nuestras instalaciones, con gusto le atenderemos.","og_url":"https:\/\/rebelbarbers.com\/es\/contact\/","og_site_name":"Rebel Barbers &amp; Massage","article_modified_time":"2024-07-29T13:27:28+00:00","twitter_card":"summary_large_image","twitter_misc":{"Tiempo de lectura":"1 minuto"},"schema":{"@context":"https:\/\/schema.org","@graph":[{"@type":"WebPage","@id":"https:\/\/rebelbarbers.com\/es\/contact\/","url":"https:\/\/rebelbarbers.com\/es\/contact\/","name":"Contact - Rebel Barbers &amp; Massage","isPartOf":{"@id":"https:\/\/rebelbarbers.com\/es\/#website"},"datePublished":"2020-10-26T20:05:55+00:00","dateModified":"2024-07-29T13:27:28+00:00","description":"En Rebel Barbers estamos abiertos hasta las 10pm, si necesita un corte de pelo, ll\u00e1menos, escribanos, o pase por nuestras instalaciones, con gusto le atenderemos.","breadcrumb":{"@id":"https:\/\/rebelbarbers.com\/es\/contact\/#breadcrumb"},"inLanguage":"es","potentialAction":[{"@type":"ReadAction","target":["https:\/\/rebelbarbers.com\/es\/contact\/"]}]},{"@type":"BreadcrumbList","@id":"https:\/\/rebelbarbers.com\/es\/contact\/#breadcrumb","itemListElement":[{"@type":"ListItem","position":1,"name":"Home","item":"https:\/\/rebelbarbers.com\/es\/"},{"@type":"ListItem","position":2,"name":"Contact"}]},{"@type":"WebSite","@id":"https:\/\/rebelbarbers.com\/es\/#website","url":"https:\/\/rebelbarbers.com\/es\/","name":"Rebel Barbers &amp; Massage","description":"The essential barber shop for today&#039;s men","publisher":{"@id":"https:\/\/rebelbarbers.com\/es\/#organization"},"potentialAction":[{"@type":"SearchAction","target":{"@type":"EntryPoint","urlTemplate":"https:\/\/rebelbarbers.com\/es\/?s={search_term_string}"},"query-input":{"@type":"PropertyValueSpecification","valueRequired":true,"valueName":"search_term_string"}}],"inLanguage":"es"},{"@type":"Organization","@id":"https:\/\/rebelbarbers.com\/es\/#organization","name":"Rebel Barbers &amp; Massage","url":"https:\/\/rebelbarbers.com\/es\/","logo":{"@type":"ImageObject","inLanguage":"es","@id":"https:\/\/rebelbarbers.com\/es\/#\/schema\/logo\/image\/","url":"https:\/\/rebelbarbers.com\/wp-content\/uploads\/2021\/09\/cropped-Rebel-Barbers-Logos_Mesa-de-trabajo-1-copia-3-1.png","contentUrl":"https:\/\/rebelbarbers.com\/wp-content\/uploads\/2021\/09\/cropped-Rebel-Barbers-Logos_Mesa-de-trabajo-1-copia-3-1.png","width":1277,"height":465,"caption":"Rebel Barbers &amp; Massage"},"image":{"@id":"https:\/\/rebelbarbers.com\/es\/#\/schema\/logo\/image\/"}}]}},"_links":{"self":[{"href":"https:\/\/rebelbarbers.com\/es\/wp-json\/wp\/v2\/pages\/5507","targetHints":{"allow":["GET"]}}],"collection":[{"href":"https:\/\/rebelbarbers.com\/es\/wp-json\/wp\/v2\/pages"}],"about":[{"href":"https:\/\/rebelbarbers.com\/es\/wp-json\/wp\/v2\/types\/page"}],"author":[{"embeddable":true,"href":"https:\/\/rebelbarbers.com\/es\/wp-json\/wp\/v2\/users\/15"}],"replies":[{"embeddable":true,"href":"https:\/\/rebelbarbers.com\/es\/wp-json\/wp\/v2\/comments?post=5507"}],"version-history":[{"count":23,"href":"https:\/\/rebelbarbers.com\/es\/wp-json\/wp\/v2\/pages\/5507\/revisions"}],"predecessor-version":[{"id":7613,"href":"https:\/\/rebelbarbers.com\/es\/wp-json\/wp\/v2\/pages\/5507\/revisions\/7613"}],"wp:attachment":[{"href":"https:\/\/rebelbarbers.com\/es\/wp-json\/wp\/v2\/media?parent=5507"}],"curies":[{"name":"wp","href":"https:\/\/api.w.org\/{rel}","templated":true}]}}