{"id":5481,"date":"2020-10-26T20:13:41","date_gmt":"2020-10-26T20:13:41","guid":{"rendered":"https:\/\/rebelbarbers.com\/about\/"},"modified":"2026-01-29T15:08:26","modified_gmt":"2026-01-29T15:08:26","slug":"about","status":"publish","type":"page","link":"https:\/\/rebelbarbers.com\/es\/about\/","title":{"rendered":"About Us"},"content":{"rendered":"<div class=\"gb-container gb-container-d39e5b64\"><div class=\"gb-inside-container\">\n<div class=\"gb-container gb-container-f7989a1d\"><div class=\"gb-inside-container\">\n\n<h1 class=\"gb-headline gb-headline-ba5a0890 gb-headline-text\">Sobre Nosotros<\/h1>\n\n\n\n<hr class=\"wp-block-separator has-text-color has-css-opacity has-background is-style-wide\" style=\"background-color:#ffe4a8;color:#ffe4a8\"\/>\n\n\n<div class=\"gb-grid-wrapper gb-grid-wrapper-a33eb774\">\n<div class=\"gb-grid-column gb-grid-column-fa1f5acb\"><div class=\"gb-container gb-container-fa1f5acb\"><div class=\"gb-inside-container\">\n\n<h2 class=\"wp-block-heading\" id=\"rebel-barber-barberia-se-encuentra-en-la-hermosa-ciudad-de-medellin-colombia\">Rebel Barber &amp; Massage,  se encuentra en la hermosa ciudad de Medell\u00edn, Colombia.<\/h2>\n\n\n\n<p><strong>Rebel Barber &amp; Massage <\/strong>nace con la visi\u00f3n de centrarse en el confort y el servicio para el hombre de hoy. Nuestra misi\u00f3n es clara: ofrecer todos los servicios tradicionales de una barber\u00eda, incluyendo cortes de cabello para hombres, afeitadas con navaja y algunas novedades que estamos seguros te encantar\u00e1n. Por ejemplo, el masaje de cuero cabelludo.<\/p>\n\n\n\n<p>Ubicados en el coraz\u00f3n de Parque Lleras, en el barrio El Poblado, nuestra direcci\u00f3n en Carrera 39 #8-42 nos sit\u00faa en el centro neur\u00e1lgico de la vida nocturna y social de Medell\u00edn. Con un horario de atenci\u00f3n hasta las 10 pm todos los d\u00edas, te ofrecemos la facilidad de disfrutar de nuestros servicios tanto despu\u00e9s de un d\u00eda de trabajo como antes de iniciar tu noche por la ciudad.<\/p>\n\n\n\n<p>Nuestro equipo de maestros barberos, con un promedio de m\u00e1s de diez a\u00f1os de experiencia, se enorgullece de su trabajo. En Rebel, nos dedicamos no solo a cortar el cabello; nos apasiona mostrar nuestro arte, brindar un servicio inigualable y asegurarnos de que cada visita te deje sinti\u00e9ndote renovado y con plena confianza.<\/p>\n\n\n\n<p><\/p>\n\n<\/div><\/div><\/div>\n\n<div class=\"gb-grid-column gb-grid-column-a0b30cf6\"><div class=\"gb-container gb-container-a0b30cf6\"><div class=\"gb-inside-container\">\n<div class=\"wp-block-image\">\n<figure class=\"aligncenter size-full\"><img fetchpriority=\"high\" decoding=\"async\" width=\"722\" height=\"481\" src=\"https:\/\/rebelbarbers.com\/wp-content\/uploads\/2024\/04\/Medellin-Rebel-Location-11.jpg\" alt=\"The best barber shop in medellin is Rebel Barber in medellin.\" class=\"wp-image-7317\" srcset=\"https:\/\/rebelbarbers.com\/wp-content\/uploads\/2024\/04\/Medellin-Rebel-Location-11.jpg 722w, https:\/\/rebelbarbers.com\/wp-content\/uploads\/2024\/04\/Medellin-Rebel-Location-11-300x200.jpg 300w\" sizes=\"(max-width: 722px) 100vw, 722px\" \/><\/figure>\n<\/div>\n<\/div><\/div><\/div>\n<\/div>\n\n<div class=\"gb-container gb-container-aaffcd03\"><div class=\"gb-inside-container\">\n\n<p class=\"gb-headline gb-headline-81679c8f gb-headline-text pespecial\">Nuestra misi\u00f3n es que tu, el cliente, seas atendido de manera oportuna, recibas un servicio de calidad y te veas y sientas bien.<\/p>\n\n<\/div><\/div>\n\n\n<div style=\"height:60px\" aria-hidden=\"true\" class=\"wp-block-spacer\"><\/div>\n\n\n\n<h2 class=\"gb-headline gb-headline-84ef4d6a gb-headline-text\">Nuestros Rebeldes <\/h2>\n\n<\/div><\/div>\n\n<div class=\"gb-container gb-container-2aa62bd1\"><div class=\"gb-inside-container\">\n<div class=\"gb-grid-wrapper gb-grid-wrapper-47db7969\">\n<div class=\"gb-grid-column gb-grid-column-7c2882d8\"><div class=\"gb-container gb-container-7c2882d8\"><div class=\"gb-inside-container\">\n<div class=\"gb-container gb-container-2839b70a sombra\"><div class=\"gb-inside-container\">\n\n<h3 class=\"gb-headline gb-headline-ff1bfa28 gb-headline-text\">Rebelde Carlos Steven <\/h3>\n\n\n\n<hr class=\"wp-block-separator has-text-color has-css-opacity has-background is-style-default\" style=\"background-color:#ffe4a8;color:#ffe4a8\"\/>\n\n\n<div class=\"wp-block-image\">\n<figure class=\"aligncenter size-large\"><img decoding=\"async\" width=\"1024\" height=\"1024\" src=\"https:\/\/rebelbarbers.com\/wp-content\/uploads\/2021\/09\/carlos-steven-1024x1024.png\" alt=\"Imagen de presentacion de la rebelde Carlos Steven\" class=\"wp-image-5919\" srcset=\"https:\/\/rebelbarbers.com\/wp-content\/uploads\/2021\/09\/carlos-steven-1024x1024.png 1024w, https:\/\/rebelbarbers.com\/wp-content\/uploads\/2021\/09\/carlos-steven-300x300.png 300w, https:\/\/rebelbarbers.com\/wp-content\/uploads\/2021\/09\/carlos-steven-150x150.png 150w, https:\/\/rebelbarbers.com\/wp-content\/uploads\/2021\/09\/carlos-steven-768x768.png 768w, https:\/\/rebelbarbers.com\/wp-content\/uploads\/2021\/09\/carlos-steven.png 1181w\" sizes=\"(max-width: 1024px) 100vw, 1024px\" \/><\/figure>\n<\/div>\n\n\n<div style=\"height:30px\" aria-hidden=\"true\" class=\"wp-block-spacer\"><\/div>\n\n\n\n<p class=\"gb-headline gb-headline-d061b18d gb-headline-text\">Carlos puede ser un poco t\u00edmido pero siempre deja a sus clientes sorprendidos. Si estas buscando un nuevo y atrevido estilo.<\/p>\n\n\n<div class=\"gb-button-wrapper gb-button-wrapper-bff4c64b\">\n\n<a class=\"gb-button gb-button-9b68b61c gb-button-text\" href=\"https:\/\/es.fresha.com\/a\/rebel-barbers-medellin-carrera-36-10-36-ye59m0x1\/booking\">CORTE DE CABELLO<\/a>\n\n<\/div>\n\n\n<div style=\"height:42px\" aria-hidden=\"true\" class=\"wp-block-spacer\"><\/div>\n\n<\/div><\/div>\n\n\n<div style=\"height:50px\" aria-hidden=\"true\" class=\"wp-block-spacer\"><\/div>\n\n<\/div><\/div><\/div>\n\n<div class=\"gb-grid-column gb-grid-column-9291b21f\"><div class=\"gb-container gb-container-9291b21f\"><div class=\"gb-inside-container\">\n<div class=\"gb-container gb-container-d3a28cc6 sombra\"><div class=\"gb-inside-container\">\n\n<h3 class=\"gb-headline gb-headline-6c468b58 gb-headline-text\">Rebelde David Zapata <\/h3>\n\n\n\n<hr class=\"wp-block-separator has-text-color has-css-opacity has-background is-style-default\" style=\"background-color:#ffe4a8;color:#ffe4a8\"\/>\n\n\n<div class=\"wp-block-image\">\n<figure class=\"aligncenter size-large\"><img decoding=\"async\" width=\"1024\" height=\"1024\" src=\"https:\/\/rebelbarbers.com\/wp-content\/uploads\/2021\/09\/david-zapata-1024x1024.png\" alt=\"Imagen de presentacion de la rebelde David Z\" class=\"wp-image-5921\" srcset=\"https:\/\/rebelbarbers.com\/wp-content\/uploads\/2021\/09\/david-zapata-1024x1024.png 1024w, https:\/\/rebelbarbers.com\/wp-content\/uploads\/2021\/09\/david-zapata-300x300.png 300w, https:\/\/rebelbarbers.com\/wp-content\/uploads\/2021\/09\/david-zapata-150x150.png 150w, https:\/\/rebelbarbers.com\/wp-content\/uploads\/2021\/09\/david-zapata-768x768.png 768w, https:\/\/rebelbarbers.com\/wp-content\/uploads\/2021\/09\/david-zapata.png 1181w\" sizes=\"(max-width: 1024px) 100vw, 1024px\" \/><\/figure>\n<\/div>\n\n\n<div style=\"height:30px\" aria-hidden=\"true\" class=\"wp-block-spacer\"><\/div>\n\n\n\n<p class=\"gb-headline gb-headline-f70ed6ef gb-headline-text\">David es apasionado y genueino. Tiene en sentido agudo del estilo y siempre quiere que sus clientes se vayan viendo bien y sientiendose a\u00fan mejor.<\/p>\n\n\n<div class=\"gb-button-wrapper gb-button-wrapper-fe6b82fd\">\n\n<a class=\"gb-button gb-button-ed8b0e87 gb-button-text\" href=\"https:\/\/es.fresha.com\/a\/rebel-barbers-medellin-carrera-36-10-36-ye59m0x1\/booking\">AFEITADA AL RAZ<\/a>\n\n<\/div>\n\n\n<div style=\"height:42px\" aria-hidden=\"true\" class=\"wp-block-spacer\"><\/div>\n\n\n\n<div class=\"wp-block-buttons is-layout-flex wp-block-buttons-is-layout-flex\"><\/div>\n\n<\/div><\/div>\n\n\n<div style=\"height:50px\" aria-hidden=\"true\" class=\"wp-block-spacer\"><\/div>\n\n<\/div><\/div><\/div>\n\n<div class=\"gb-grid-column gb-grid-column-2e1dad3d\"><div class=\"gb-container gb-container-2e1dad3d\"><div class=\"gb-inside-container\">\n<div class=\"gb-container gb-container-9bfb6daf sombra\"><div class=\"gb-inside-container\">\n\n<h3 class=\"gb-headline gb-headline-30d6a795 gb-headline-text\">Rebelde Diana M <\/h3>\n\n\n\n<hr class=\"wp-block-separator has-text-color has-css-opacity has-background is-style-default\" style=\"background-color:#ffe4a8;color:#ffe4a8\"\/>\n\n\n<div class=\"wp-block-image\">\n<figure class=\"aligncenter size-large\"><img loading=\"lazy\" decoding=\"async\" width=\"1024\" height=\"1024\" src=\"https:\/\/rebelbarbers.com\/wp-content\/uploads\/2021\/09\/Diana-m-1024x1024.png\" alt=\"Imagen de presentacion de la rebelde Diana M\" class=\"wp-image-5924\" srcset=\"https:\/\/rebelbarbers.com\/wp-content\/uploads\/2021\/09\/Diana-m-1024x1024.png 1024w, https:\/\/rebelbarbers.com\/wp-content\/uploads\/2021\/09\/Diana-m-300x300.png 300w, https:\/\/rebelbarbers.com\/wp-content\/uploads\/2021\/09\/Diana-m-150x150.png 150w, https:\/\/rebelbarbers.com\/wp-content\/uploads\/2021\/09\/Diana-m-768x768.png 768w, https:\/\/rebelbarbers.com\/wp-content\/uploads\/2021\/09\/Diana-m.png 1181w\" sizes=\"(max-width: 1024px) 100vw, 1024px\" \/><\/figure>\n<\/div>\n\n\n<div style=\"height:30px\" aria-hidden=\"true\" class=\"wp-block-spacer\"><\/div>\n\n\n\n<p class=\"gb-headline gb-headline-53b3eea7 gb-headline-text\">Diana tiene el ojo para el estilo y el lujo. La daberias ver montando por el Poblado en su moto Royal Enfield.<\/p>\n\n\n<div class=\"gb-button-wrapper gb-button-wrapper-ec0d6b6c\">\n\n<a class=\"gb-button gb-button-934a3704 gb-button-text\" href=\"https:\/\/es.fresha.com\/a\/rebel-barbers-medellin-carrera-36-10-36-ye59m0x1\/booking\">MASAJE DE CUERO CABELLUDO<\/a>\n\n<\/div>\n\n\n<div style=\"height:42px\" aria-hidden=\"true\" class=\"wp-block-spacer\"><\/div>\n\n\n\n<div class=\"wp-block-buttons is-layout-flex wp-block-buttons-is-layout-flex\"><\/div>\n\n<\/div><\/div>\n\n\n<div style=\"height:50px\" aria-hidden=\"true\" class=\"wp-block-spacer\"><\/div>\n\n<\/div><\/div><\/div>\n<\/div>\n\n\n<h2 class=\"gb-headline gb-headline-ee1eb26e gb-headline-text\">Trabajamos con los mejores productos <\/h2>\n\n\n\n<div style=\"height:30px\" aria-hidden=\"true\" class=\"wp-block-spacer\"><\/div>\n\n\n<div class=\"gb-grid-wrapper gb-grid-wrapper-96d8324d\">\n<div class=\"gb-grid-column gb-grid-column-487e02ae\"><div class=\"gb-container gb-container-487e02ae\"><div class=\"gb-inside-container\">\n<div class=\"wp-block-image\">\n<figure class=\"aligncenter size-large\"><img loading=\"lazy\" decoding=\"async\" width=\"1024\" height=\"445\" src=\"https:\/\/rebelbarbers.com\/wp-content\/uploads\/2021\/09\/Schimire-Logo-03-1024x445.jpg\" alt=\"Schimire Black and Grey Logo\" class=\"wp-image-5904\" srcset=\"https:\/\/rebelbarbers.com\/wp-content\/uploads\/2021\/09\/Schimire-Logo-03-1024x445.jpg 1024w, https:\/\/rebelbarbers.com\/wp-content\/uploads\/2021\/09\/Schimire-Logo-03-300x130.jpg 300w, https:\/\/rebelbarbers.com\/wp-content\/uploads\/2021\/09\/Schimire-Logo-03-768x333.jpg 768w, https:\/\/rebelbarbers.com\/wp-content\/uploads\/2021\/09\/Schimire-Logo-03-1536x667.jpg 1536w, https:\/\/rebelbarbers.com\/wp-content\/uploads\/2021\/09\/Schimire-Logo-03-2048x889.jpg 2048w\" sizes=\"(max-width: 1024px) 100vw, 1024px\" \/><\/figure>\n<\/div>\n\n\n<div style=\"height:40px\" aria-hidden=\"true\" class=\"wp-block-spacer\"><\/div>\n\n<\/div><\/div><\/div>\n\n<div class=\"gb-grid-column gb-grid-column-552edaba\"><div class=\"gb-container gb-container-552edaba\"><div class=\"gb-inside-container\">\n<div class=\"wp-block-image\">\n<figure class=\"aligncenter size-large\"><img loading=\"lazy\" decoding=\"async\" width=\"1024\" height=\"445\" src=\"https:\/\/rebelbarbers.com\/wp-content\/uploads\/2021\/09\/Sparrow-Pomade-Logo-1024x445.jpg\" alt=\"Sparrow Pomade Black Logo\" class=\"wp-image-5907\" srcset=\"https:\/\/rebelbarbers.com\/wp-content\/uploads\/2021\/09\/Sparrow-Pomade-Logo-1024x445.jpg 1024w, https:\/\/rebelbarbers.com\/wp-content\/uploads\/2021\/09\/Sparrow-Pomade-Logo-300x130.jpg 300w, https:\/\/rebelbarbers.com\/wp-content\/uploads\/2021\/09\/Sparrow-Pomade-Logo-768x333.jpg 768w, https:\/\/rebelbarbers.com\/wp-content\/uploads\/2021\/09\/Sparrow-Pomade-Logo-1536x667.jpg 1536w, https:\/\/rebelbarbers.com\/wp-content\/uploads\/2021\/09\/Sparrow-Pomade-Logo-2048x889.jpg 2048w\" sizes=\"(max-width: 1024px) 100vw, 1024px\" \/><\/figure>\n<\/div>\n\n\n<div style=\"height:40px\" aria-hidden=\"true\" class=\"wp-block-spacer\"><\/div>\n\n<\/div><\/div><\/div>\n\n<div class=\"gb-grid-column gb-grid-column-44cf6c84\"><div class=\"gb-container gb-container-44cf6c84\"><div class=\"gb-inside-container\">\n<div class=\"wp-block-image\">\n<figure class=\"aligncenter size-large\"><img loading=\"lazy\" decoding=\"async\" width=\"1024\" height=\"445\" src=\"https:\/\/rebelbarbers.com\/wp-content\/uploads\/2021\/09\/Kinman-Cosmetics-Logo-07-1024x445.jpg\" alt=\"Kinman Cosmetic Black Logo\" class=\"wp-image-5909\" srcset=\"https:\/\/rebelbarbers.com\/wp-content\/uploads\/2021\/09\/Kinman-Cosmetics-Logo-07-1024x445.jpg 1024w, https:\/\/rebelbarbers.com\/wp-content\/uploads\/2021\/09\/Kinman-Cosmetics-Logo-07-300x130.jpg 300w, https:\/\/rebelbarbers.com\/wp-content\/uploads\/2021\/09\/Kinman-Cosmetics-Logo-07-768x333.jpg 768w, https:\/\/rebelbarbers.com\/wp-content\/uploads\/2021\/09\/Kinman-Cosmetics-Logo-07-1536x667.jpg 1536w, https:\/\/rebelbarbers.com\/wp-content\/uploads\/2021\/09\/Kinman-Cosmetics-Logo-07-2048x889.jpg 2048w\" sizes=\"(max-width: 1024px) 100vw, 1024px\" \/><\/figure>\n<\/div>\n\n\n<div style=\"height:40px\" aria-hidden=\"true\" class=\"wp-block-spacer\"><\/div>\n\n<\/div><\/div><\/div>\n\n<div class=\"gb-grid-column gb-grid-column-bb105a8e\"><div class=\"gb-container gb-container-bb105a8e\"><div class=\"gb-inside-container\">\n<div class=\"wp-block-image\">\n<figure class=\"aligncenter size-large\"><img loading=\"lazy\" decoding=\"async\" width=\"1024\" height=\"445\" src=\"https:\/\/rebelbarbers.com\/wp-content\/uploads\/2021\/09\/Moroccanoil-Logo-1024x445.jpg\" alt=\"Moroccanoil Blue and orange logo\" class=\"wp-image-5911\" srcset=\"https:\/\/rebelbarbers.com\/wp-content\/uploads\/2021\/09\/Moroccanoil-Logo-1024x445.jpg 1024w, https:\/\/rebelbarbers.com\/wp-content\/uploads\/2021\/09\/Moroccanoil-Logo-300x130.jpg 300w, https:\/\/rebelbarbers.com\/wp-content\/uploads\/2021\/09\/Moroccanoil-Logo-768x333.jpg 768w, https:\/\/rebelbarbers.com\/wp-content\/uploads\/2021\/09\/Moroccanoil-Logo-1536x667.jpg 1536w, https:\/\/rebelbarbers.com\/wp-content\/uploads\/2021\/09\/Moroccanoil-Logo-2048x889.jpg 2048w\" sizes=\"(max-width: 1024px) 100vw, 1024px\" \/><\/figure>\n<\/div>\n\n\n<div style=\"height:40px\" aria-hidden=\"true\" class=\"wp-block-spacer\"><\/div>\n\n<\/div><\/div><\/div>\n\n<div class=\"gb-grid-column gb-grid-column-de5b9898\"><div class=\"gb-container gb-container-de5b9898\"><div class=\"gb-inside-container\">\n<div class=\"wp-block-image\">\n<figure class=\"aligncenter size-large\"><img loading=\"lazy\" decoding=\"async\" width=\"1024\" height=\"445\" src=\"https:\/\/rebelbarbers.com\/wp-content\/uploads\/2021\/09\/Uppercut-Deluxe-1024x445.jpg\" alt=\"Uppercut Deluxe White and Red Logo\" class=\"wp-image-5913\" srcset=\"https:\/\/rebelbarbers.com\/wp-content\/uploads\/2021\/09\/Uppercut-Deluxe-1024x445.jpg 1024w, https:\/\/rebelbarbers.com\/wp-content\/uploads\/2021\/09\/Uppercut-Deluxe-300x130.jpg 300w, https:\/\/rebelbarbers.com\/wp-content\/uploads\/2021\/09\/Uppercut-Deluxe-768x333.jpg 768w, https:\/\/rebelbarbers.com\/wp-content\/uploads\/2021\/09\/Uppercut-Deluxe-1536x667.jpg 1536w, https:\/\/rebelbarbers.com\/wp-content\/uploads\/2021\/09\/Uppercut-Deluxe-2048x889.jpg 2048w\" sizes=\"(max-width: 1024px) 100vw, 1024px\" \/><\/figure>\n<\/div>\n<\/div><\/div><\/div>\n<\/div>\n\n\n<div style=\"height:55px\" aria-hidden=\"true\" class=\"wp-block-spacer\"><\/div>\n\n<\/div><\/div>\n<\/div><\/div>\n\n\n<p class=\"separatorline\"><\/p>\n","protected":false},"excerpt":{"rendered":"<p>Sobre Nosotros Nuestra misi\u00f3n es que tu, el cliente, seas atendido de manera oportuna, recibas un servicio de calidad y te veas y sientas bien. Nuestros Rebeldes Trabajamos con los mejores productos<\/p>\n","protected":false},"author":15,"featured_media":0,"parent":0,"menu_order":0,"comment_status":"closed","ping_status":"closed","template":"","meta":{"footnotes":""},"class_list":["post-5481","page","type-page","status-publish"],"yoast_head":"<!-- This site is optimized with the Yoast SEO plugin v27.3 - https:\/\/yoast.com\/product\/yoast-seo-wordpress\/ -->\n<title>Sobre Rebel Barbers | Nuestra Historia en Medell\u00edn<\/title>\n<meta name=\"description\" content=\"Conoce la historia de Rebel Barbers en Medell\u00edn, nuestros valores y nuestra pasi\u00f3n por una barber\u00eda moderna. Una experiencia premium para locales y visitantes.\" \/>\n<meta name=\"robots\" content=\"index, follow, max-snippet:-1, max-image-preview:large, max-video-preview:-1\" \/>\n<link rel=\"canonical\" href=\"https:\/\/rebelbarbers.com\/es\/about\/\" \/>\n<meta property=\"og:locale\" content=\"es_ES\" \/>\n<meta property=\"og:type\" content=\"article\" \/>\n<meta property=\"og:title\" content=\"Sobre Rebel Barbers | Nuestra Historia en Medell\u00edn\" \/>\n<meta property=\"og:description\" content=\"Conoce la historia de Rebel Barbers en Medell\u00edn, nuestros valores y nuestra pasi\u00f3n por una barber\u00eda moderna. Una experiencia premium para locales y visitantes.\" \/>\n<meta property=\"og:url\" content=\"https:\/\/rebelbarbers.com\/es\/about\/\" \/>\n<meta property=\"og:site_name\" content=\"Rebel Barbers &amp; Massage\" \/>\n<meta property=\"article:modified_time\" content=\"2026-01-29T15:08:26+00:00\" \/>\n<meta property=\"og:image\" content=\"https:\/\/rebelbarbers.com\/wp-content\/uploads\/2024\/04\/Medellin-Rebel-Location-11.jpg\" \/>\n\t<meta property=\"og:image:width\" content=\"722\" \/>\n\t<meta property=\"og:image:height\" content=\"481\" \/>\n\t<meta property=\"og:image:type\" content=\"image\/jpeg\" \/>\n<meta name=\"twitter:card\" content=\"summary_large_image\" \/>\n<meta name=\"twitter:label1\" content=\"Tiempo de lectura\" \/>\n\t<meta name=\"twitter:data1\" content=\"4 minutos\" \/>\n<script type=\"application\/ld+json\" class=\"yoast-schema-graph\">{\"@context\":\"https:\\\/\\\/schema.org\",\"@graph\":[{\"@type\":\"WebPage\",\"@id\":\"https:\\\/\\\/rebelbarbers.com\\\/es\\\/about\\\/\",\"url\":\"https:\\\/\\\/rebelbarbers.com\\\/es\\\/about\\\/\",\"name\":\"Sobre Rebel Barbers | Nuestra Historia en Medell\u00edn\",\"isPartOf\":{\"@id\":\"https:\\\/\\\/rebelbarbers.com\\\/es\\\/#website\"},\"primaryImageOfPage\":{\"@id\":\"https:\\\/\\\/rebelbarbers.com\\\/es\\\/about\\\/#primaryimage\"},\"image\":{\"@id\":\"https:\\\/\\\/rebelbarbers.com\\\/es\\\/about\\\/#primaryimage\"},\"thumbnailUrl\":\"https:\\\/\\\/rebelbarbers.com\\\/wp-content\\\/uploads\\\/2024\\\/04\\\/Medellin-Rebel-Location-11.jpg\",\"datePublished\":\"2020-10-26T20:13:41+00:00\",\"dateModified\":\"2026-01-29T15:08:26+00:00\",\"description\":\"Conoce la historia de Rebel Barbers en Medell\u00edn, nuestros valores y nuestra pasi\u00f3n por una barber\u00eda moderna. Una experiencia premium para locales y visitantes.\",\"breadcrumb\":{\"@id\":\"https:\\\/\\\/rebelbarbers.com\\\/es\\\/about\\\/#breadcrumb\"},\"inLanguage\":\"es\",\"potentialAction\":[{\"@type\":\"ReadAction\",\"target\":[\"https:\\\/\\\/rebelbarbers.com\\\/es\\\/about\\\/\"]}]},{\"@type\":\"ImageObject\",\"inLanguage\":\"es\",\"@id\":\"https:\\\/\\\/rebelbarbers.com\\\/es\\\/about\\\/#primaryimage\",\"url\":\"https:\\\/\\\/rebelbarbers.com\\\/wp-content\\\/uploads\\\/2024\\\/04\\\/Medellin-Rebel-Location-11.jpg\",\"contentUrl\":\"https:\\\/\\\/rebelbarbers.com\\\/wp-content\\\/uploads\\\/2024\\\/04\\\/Medellin-Rebel-Location-11.jpg\"},{\"@type\":\"BreadcrumbList\",\"@id\":\"https:\\\/\\\/rebelbarbers.com\\\/es\\\/about\\\/#breadcrumb\",\"itemListElement\":[{\"@type\":\"ListItem\",\"position\":1,\"name\":\"Home\",\"item\":\"https:\\\/\\\/rebelbarbers.com\\\/es\\\/\"},{\"@type\":\"ListItem\",\"position\":2,\"name\":\"About Us\"}]},{\"@type\":\"WebSite\",\"@id\":\"https:\\\/\\\/rebelbarbers.com\\\/es\\\/#website\",\"url\":\"https:\\\/\\\/rebelbarbers.com\\\/es\\\/\",\"name\":\"Rebel Barbers &amp; Massage\",\"description\":\"The essential barber shop for today&#039;s men\",\"publisher\":{\"@id\":\"https:\\\/\\\/rebelbarbers.com\\\/es\\\/#organization\"},\"potentialAction\":[{\"@type\":\"SearchAction\",\"target\":{\"@type\":\"EntryPoint\",\"urlTemplate\":\"https:\\\/\\\/rebelbarbers.com\\\/es\\\/?s={search_term_string}\"},\"query-input\":{\"@type\":\"PropertyValueSpecification\",\"valueRequired\":true,\"valueName\":\"search_term_string\"}}],\"inLanguage\":\"es\"},{\"@type\":\"Organization\",\"@id\":\"https:\\\/\\\/rebelbarbers.com\\\/es\\\/#organization\",\"name\":\"Rebel Barbers &amp; Massage\",\"url\":\"https:\\\/\\\/rebelbarbers.com\\\/es\\\/\",\"logo\":{\"@type\":\"ImageObject\",\"inLanguage\":\"es\",\"@id\":\"https:\\\/\\\/rebelbarbers.com\\\/es\\\/#\\\/schema\\\/logo\\\/image\\\/\",\"url\":\"https:\\\/\\\/rebelbarbers.com\\\/wp-content\\\/uploads\\\/2021\\\/09\\\/cropped-Rebel-Barbers-Logos_Mesa-de-trabajo-1-copia-3-1.png\",\"contentUrl\":\"https:\\\/\\\/rebelbarbers.com\\\/wp-content\\\/uploads\\\/2021\\\/09\\\/cropped-Rebel-Barbers-Logos_Mesa-de-trabajo-1-copia-3-1.png\",\"width\":1277,\"height\":465,\"caption\":\"Rebel Barbers &amp; Massage\"},\"image\":{\"@id\":\"https:\\\/\\\/rebelbarbers.com\\\/es\\\/#\\\/schema\\\/logo\\\/image\\\/\"}}]}<\/script>\n<!-- \/ Yoast SEO plugin. -->","yoast_head_json":{"title":"Sobre Rebel Barbers | Nuestra Historia en Medell\u00edn","description":"Conoce la historia de Rebel Barbers en Medell\u00edn, nuestros valores y nuestra pasi\u00f3n por una barber\u00eda moderna. Una experiencia premium para locales y visitantes.","robots":{"index":"index","follow":"follow","max-snippet":"max-snippet:-1","max-image-preview":"max-image-preview:large","max-video-preview":"max-video-preview:-1"},"canonical":"https:\/\/rebelbarbers.com\/es\/about\/","og_locale":"es_ES","og_type":"article","og_title":"Sobre Rebel Barbers | Nuestra Historia en Medell\u00edn","og_description":"Conoce la historia de Rebel Barbers en Medell\u00edn, nuestros valores y nuestra pasi\u00f3n por una barber\u00eda moderna. Una experiencia premium para locales y visitantes.","og_url":"https:\/\/rebelbarbers.com\/es\/about\/","og_site_name":"Rebel Barbers &amp; Massage","article_modified_time":"2026-01-29T15:08:26+00:00","og_image":[{"width":722,"height":481,"url":"https:\/\/rebelbarbers.com\/wp-content\/uploads\/2024\/04\/Medellin-Rebel-Location-11.jpg","type":"image\/jpeg"}],"twitter_card":"summary_large_image","twitter_misc":{"Tiempo de lectura":"4 minutos"},"schema":{"@context":"https:\/\/schema.org","@graph":[{"@type":"WebPage","@id":"https:\/\/rebelbarbers.com\/es\/about\/","url":"https:\/\/rebelbarbers.com\/es\/about\/","name":"Sobre Rebel Barbers | Nuestra Historia en Medell\u00edn","isPartOf":{"@id":"https:\/\/rebelbarbers.com\/es\/#website"},"primaryImageOfPage":{"@id":"https:\/\/rebelbarbers.com\/es\/about\/#primaryimage"},"image":{"@id":"https:\/\/rebelbarbers.com\/es\/about\/#primaryimage"},"thumbnailUrl":"https:\/\/rebelbarbers.com\/wp-content\/uploads\/2024\/04\/Medellin-Rebel-Location-11.jpg","datePublished":"2020-10-26T20:13:41+00:00","dateModified":"2026-01-29T15:08:26+00:00","description":"Conoce la historia de Rebel Barbers en Medell\u00edn, nuestros valores y nuestra pasi\u00f3n por una barber\u00eda moderna. Una experiencia premium para locales y visitantes.","breadcrumb":{"@id":"https:\/\/rebelbarbers.com\/es\/about\/#breadcrumb"},"inLanguage":"es","potentialAction":[{"@type":"ReadAction","target":["https:\/\/rebelbarbers.com\/es\/about\/"]}]},{"@type":"ImageObject","inLanguage":"es","@id":"https:\/\/rebelbarbers.com\/es\/about\/#primaryimage","url":"https:\/\/rebelbarbers.com\/wp-content\/uploads\/2024\/04\/Medellin-Rebel-Location-11.jpg","contentUrl":"https:\/\/rebelbarbers.com\/wp-content\/uploads\/2024\/04\/Medellin-Rebel-Location-11.jpg"},{"@type":"BreadcrumbList","@id":"https:\/\/rebelbarbers.com\/es\/about\/#breadcrumb","itemListElement":[{"@type":"ListItem","position":1,"name":"Home","item":"https:\/\/rebelbarbers.com\/es\/"},{"@type":"ListItem","position":2,"name":"About Us"}]},{"@type":"WebSite","@id":"https:\/\/rebelbarbers.com\/es\/#website","url":"https:\/\/rebelbarbers.com\/es\/","name":"Rebel Barbers &amp; Massage","description":"The essential barber shop for today&#039;s men","publisher":{"@id":"https:\/\/rebelbarbers.com\/es\/#organization"},"potentialAction":[{"@type":"SearchAction","target":{"@type":"EntryPoint","urlTemplate":"https:\/\/rebelbarbers.com\/es\/?s={search_term_string}"},"query-input":{"@type":"PropertyValueSpecification","valueRequired":true,"valueName":"search_term_string"}}],"inLanguage":"es"},{"@type":"Organization","@id":"https:\/\/rebelbarbers.com\/es\/#organization","name":"Rebel Barbers &amp; Massage","url":"https:\/\/rebelbarbers.com\/es\/","logo":{"@type":"ImageObject","inLanguage":"es","@id":"https:\/\/rebelbarbers.com\/es\/#\/schema\/logo\/image\/","url":"https:\/\/rebelbarbers.com\/wp-content\/uploads\/2021\/09\/cropped-Rebel-Barbers-Logos_Mesa-de-trabajo-1-copia-3-1.png","contentUrl":"https:\/\/rebelbarbers.com\/wp-content\/uploads\/2021\/09\/cropped-Rebel-Barbers-Logos_Mesa-de-trabajo-1-copia-3-1.png","width":1277,"height":465,"caption":"Rebel Barbers &amp; Massage"},"image":{"@id":"https:\/\/rebelbarbers.com\/es\/#\/schema\/logo\/image\/"}}]}},"_links":{"self":[{"href":"https:\/\/rebelbarbers.com\/es\/wp-json\/wp\/v2\/pages\/5481","targetHints":{"allow":["GET"]}}],"collection":[{"href":"https:\/\/rebelbarbers.com\/es\/wp-json\/wp\/v2\/pages"}],"about":[{"href":"https:\/\/rebelbarbers.com\/es\/wp-json\/wp\/v2\/types\/page"}],"author":[{"embeddable":true,"href":"https:\/\/rebelbarbers.com\/es\/wp-json\/wp\/v2\/users\/15"}],"replies":[{"embeddable":true,"href":"https:\/\/rebelbarbers.com\/es\/wp-json\/wp\/v2\/comments?post=5481"}],"version-history":[{"count":31,"href":"https:\/\/rebelbarbers.com\/es\/wp-json\/wp\/v2\/pages\/5481\/revisions"}],"predecessor-version":[{"id":7617,"href":"https:\/\/rebelbarbers.com\/es\/wp-json\/wp\/v2\/pages\/5481\/revisions\/7617"}],"wp:attachment":[{"href":"https:\/\/rebelbarbers.com\/es\/wp-json\/wp\/v2\/media?parent=5481"}],"curies":[{"name":"wp","href":"https:\/\/api.w.org\/{rel}","templated":true}]}}